{"id":766,"date":"2023-11-08T15:07:41","date_gmt":"2023-11-08T15:07:41","guid":{"rendered":"https:\/\/roj-union.com\/?page_id=766"},"modified":"2023-11-08T15:12:26","modified_gmt":"2023-11-08T15:12:26","slug":"tms","status":"publish","type":"page","link":"https:\/\/roj-union.com\/index.php\/tms\/","title":{"rendered":"TMS"},"content":{"rendered":"\t\t<div data-elementor-type=\"wp-page\" data-elementor-id=\"766\" class=\"elementor elementor-766\">\n\t\t\t\t\t\t\t\t\t<section class=\"elementor-section elementor-top-section elementor-element elementor-element-81b5a61 elementor-section-height-min-height elementor-section-boxed elementor-section-height-default elementor-section-items-middle\" data-id=\"81b5a61\" data-element_type=\"section\">\n\t\t\t\t\t\t\t<div class=\"elementor-background-overlay\"><\/div>\n\t\t\t\t\t\t\t<div class=\"elementor-container elementor-column-gap-default\">\n\t\t\t\t\t<div class=\"elementor-column elementor-col-100 elementor-top-column elementor-element elementor-element-27d99c0\" data-id=\"27d99c0\" data-element_type=\"column\" data-settings=\"{&quot;background_background&quot;:&quot;classic&quot;}\">\n\t\t\t<div class=\"elementor-widget-wrap elementor-element-populated\">\n\t\t\t\t\t\t\t\t<div class=\"elementor-element elementor-element-3a601b3 elementor-invisible elementor-widget elementor-widget-heading\" data-id=\"3a601b3\" data-element_type=\"widget\" data-settings=\"{&quot;_animation&quot;:&quot;fadeIn&quot;}\" data-widget_type=\"heading.default\">\n\t\t\t\t<div class=\"elementor-widget-container\">\n\t\t\t<style>\/*! elementor - v3.18.0 - 08-12-2023 *\/\n.elementor-heading-title{padding:0;margin:0;line-height:1}.elementor-widget-heading .elementor-heading-title[class*=elementor-size-]>a{color:inherit;font-size:inherit;line-height:inherit}.elementor-widget-heading .elementor-heading-title.elementor-size-small{font-size:15px}.elementor-widget-heading .elementor-heading-title.elementor-size-medium{font-size:19px}.elementor-widget-heading .elementor-heading-title.elementor-size-large{font-size:29px}.elementor-widget-heading .elementor-heading-title.elementor-size-xl{font-size:39px}.elementor-widget-heading .elementor-heading-title.elementor-size-xxl{font-size:59px}<\/style><h1 class=\"elementor-heading-title elementor-size-default\">Studium<\/h1>\t\t<\/div>\n\t\t\t\t<\/div>\n\t\t\t\t\t<\/div>\n\t\t<\/div>\n\t\t\t\t\t\t\t<\/div>\n\t\t<\/section>\n\t\t\t\t<section class=\"elementor-section elementor-top-section elementor-element elementor-element-1ef3675 elementor-section-stretched elementor-section-boxed elementor-section-height-default elementor-section-height-default\" data-id=\"1ef3675\" data-element_type=\"section\" data-settings=\"{&quot;stretch_section&quot;:&quot;section-stretched&quot;,&quot;background_background&quot;:&quot;classic&quot;}\">\n\t\t\t\t\t\t<div class=\"elementor-container elementor-column-gap-default\">\n\t\t\t\t\t<div class=\"elementor-column elementor-col-100 elementor-top-column elementor-element elementor-element-f51baec\" data-id=\"f51baec\" data-element_type=\"column\">\n\t\t\t<div class=\"elementor-widget-wrap elementor-element-populated\">\n\t\t\t\t\t\t\t\t<div class=\"elementor-element elementor-element-1df7fbe elementor-widget elementor-widget-spacer\" data-id=\"1df7fbe\" data-element_type=\"widget\" data-widget_type=\"spacer.default\">\n\t\t\t\t<div class=\"elementor-widget-container\">\n\t\t\t<style>\/*! elementor - v3.18.0 - 08-12-2023 *\/\n.elementor-column .elementor-spacer-inner{height:var(--spacer-size)}.e-con{--container-widget-width:100%}.e-con-inner>.elementor-widget-spacer,.e-con>.elementor-widget-spacer{width:var(--container-widget-width,var(--spacer-size));--align-self:var(--container-widget-align-self,initial);--flex-shrink:0}.e-con-inner>.elementor-widget-spacer>.elementor-widget-container,.e-con>.elementor-widget-spacer>.elementor-widget-container{height:100%;width:100%}.e-con-inner>.elementor-widget-spacer>.elementor-widget-container>.elementor-spacer,.e-con>.elementor-widget-spacer>.elementor-widget-container>.elementor-spacer{height:100%}.e-con-inner>.elementor-widget-spacer>.elementor-widget-container>.elementor-spacer>.elementor-spacer-inner,.e-con>.elementor-widget-spacer>.elementor-widget-container>.elementor-spacer>.elementor-spacer-inner{height:var(--container-widget-height,var(--spacer-size))}.e-con-inner>.elementor-widget-spacer.elementor-widget-empty,.e-con>.elementor-widget-spacer.elementor-widget-empty{position:relative;min-height:22px;min-width:22px}.e-con-inner>.elementor-widget-spacer.elementor-widget-empty .elementor-widget-empty-icon,.e-con>.elementor-widget-spacer.elementor-widget-empty .elementor-widget-empty-icon{position:absolute;top:0;bottom:0;left:0;right:0;margin:auto;padding:0;width:22px;height:22px}<\/style>\t\t<div class=\"elementor-spacer\">\n\t\t\t<div class=\"elementor-spacer-inner\"><\/div>\n\t\t<\/div>\n\t\t\t\t<\/div>\n\t\t\t\t<\/div>\n\t\t\t\t<div class=\"elementor-element elementor-element-930afcf animated-fast elementor-invisible elementor-widget elementor-widget-heading\" data-id=\"930afcf\" data-element_type=\"widget\" data-settings=\"{&quot;_animation&quot;:&quot;slideInUp&quot;}\" data-widget_type=\"heading.default\">\n\t\t\t\t<div class=\"elementor-widget-container\">\n\t\t\t<h3 class=\"elementor-heading-title elementor-size-default\">TMS<\/h3>\t\t<\/div>\n\t\t\t\t<\/div>\n\t\t\t\t<div class=\"elementor-element elementor-element-5db655a elementor-widget elementor-widget-text-editor\" data-id=\"5db655a\" data-element_type=\"widget\" data-widget_type=\"text-editor.default\">\n\t\t\t\t<div class=\"elementor-widget-container\">\n\t\t\t<style>\/*! elementor - v3.18.0 - 08-12-2023 *\/\n.elementor-widget-text-editor.elementor-drop-cap-view-stacked .elementor-drop-cap{background-color:#69727d;color:#fff}.elementor-widget-text-editor.elementor-drop-cap-view-framed .elementor-drop-cap{color:#69727d;border:3px solid;background-color:transparent}.elementor-widget-text-editor:not(.elementor-drop-cap-view-default) .elementor-drop-cap{margin-top:8px}.elementor-widget-text-editor:not(.elementor-drop-cap-view-default) .elementor-drop-cap-letter{width:1em;height:1em}.elementor-widget-text-editor .elementor-drop-cap{float:left;text-align:center;line-height:1;font-size:50px}.elementor-widget-text-editor .elementor-drop-cap-letter{display:inline-block}<\/style>\t\t\t\t\t\t\t\t\t\t<\/div>\n\t\t\t\t<\/div>\n\t\t\t\t\t<\/div>\n\t\t<\/div>\n\t\t\t\t\t\t\t<\/div>\n\t\t<\/section>\n\t\t\t\t<section class=\"elementor-section elementor-top-section elementor-element elementor-element-4be3bd4 elementor-section-boxed elementor-section-height-default elementor-section-height-default\" data-id=\"4be3bd4\" data-element_type=\"section\" data-settings=\"{&quot;background_background&quot;:&quot;classic&quot;}\">\n\t\t\t\t\t\t<div class=\"elementor-container elementor-column-gap-default\">\n\t\t\t\t\t<div class=\"elementor-column elementor-col-100 elementor-top-column elementor-element elementor-element-8d0df6e\" data-id=\"8d0df6e\" data-element_type=\"column\">\n\t\t\t<div class=\"elementor-widget-wrap elementor-element-populated\">\n\t\t\t\t\t\t\t\t<section class=\"elementor-section elementor-inner-section elementor-element elementor-element-5b75833 elementor-section-boxed elementor-section-height-default elementor-section-height-default\" data-id=\"5b75833\" data-element_type=\"section\">\n\t\t\t\t\t\t<div class=\"elementor-container elementor-column-gap-default\">\n\t\t\t\t\t<div class=\"elementor-column elementor-col-50 elementor-inner-column elementor-element elementor-element-a47386e\" data-id=\"a47386e\" data-element_type=\"column\">\n\t\t\t<div class=\"elementor-widget-wrap elementor-element-populated\">\n\t\t\t\t\t\t\t\t<div class=\"elementor-element elementor-element-e291e43 elementor-widget elementor-widget-text-editor\" data-id=\"e291e43\" data-element_type=\"widget\" data-widget_type=\"text-editor.default\">\n\t\t\t\t<div class=\"elementor-widget-container\">\n\t\t\t\t\t\t\t<p>Der TMS, auch bekannt als der Test f\u00fcr medizinische Studieng\u00e4nge, ist ein spezialisierter Eignungstest f\u00fcr Studierende im medizinischen Bereich. Er wurde gem\u00e4\u00df internationalen Standards f\u00fcr psychologische Eignungsdiagnostik entwickelt und umfasst verschiedene Untertests, die sich als zuverl\u00e4ssige Indikatoren f\u00fcr den Erfolg im Studium erwiesen haben. Diese Untertests sind:<\/p><ul><li><span style=\"font-size: 14px;\">Muster zuordnen<\/span><\/li><li><span style=\"font-size: 14px;\">Medizinisches und naturwissenschaftliches Grundwissen<\/span><\/li><li>Schlauchfiguren<\/li><li>L\u00f6sung von quantitativen und formalen Problemen<\/li><li>Ged\u00e4chtnistest (sowohl f\u00fcr visuelles Lernen als auch f\u00fcr Fakten)<\/li><li>Textverst\u00e4ndnis<\/li><li>Analyse von Diagrammen und Tabellen<\/li><\/ul><p>Diese vielf\u00e4ltigen \u00dcbungen bewerten F\u00e4higkeiten wie Ged\u00e4chtnis, logisches Denken und Konzentration.<\/p><p>Die Koordination und Organisation des TMS liegen in der Verantwortung des zentralen TMS-Koordinationsb\u00fcros, das an der Medizinischen Fakult\u00e4t in Heidelberg angesiedelt ist. Das ITB (Institut f\u00fcr Test- und Begabungsforschung) ist f\u00fcr die Entwicklung und Auswertung des Tests verantwortlich. Jedes Jahr nehmen mehr als 30.000 Bewerber am TMS teil.<\/p><p><span style=\"font-size: 14px;\">Die Dauer des Tests betr\u00e4gt 5 Stunden und 6 Minuten, die Testsprache ist Deutsch, und die Durchf\u00fchrung erfolgt in Pr\u00fcfungszentren auf Papierbasis. Die Teilnahmegeb\u00fchr betr\u00e4gt 100 Euro, einschlie\u00dflich Mehrwertsteuer.<\/span><\/p><p><b>WARUM SETZEN ORGANISATIONEN DEN TMS AN?<\/b><\/p><p>Der TMS unterst\u00fctzt bei der Identifizierung der besten Bewerber, indem er die Vorhersage des akademischen Erfolgs verbessert und eine objektive Bewertung bietet, die Unterschiede in den Noten ausgleicht. Dar\u00fcber hinaus tr\u00e4gt er zur F\u00f6rderung von Vielfalt und Fairness bei. Der TMS wurde von zertifizierten Psychologen entwickelt und nach internationalen wissenschaftlichen Standards f\u00fcr psychologische Bewertungen evaluiert. \u00dcber einen Zeitraum von 40 Jahren haben zahlreiche Studien mit mehr als 50.000 Studierenden folgendes gezeigt:\u00a0<span style=\"font-size: 14px;\">Der TMS ist ein \u00e4u\u00dferst zuverl\u00e4ssiger Indikator f\u00fcr den Studienerfolg im medizinischen Bereich.\u00a0<\/span><span style=\"font-size: 14px;\">Es ist schwer, sich gezielt auf den TMS vorzubereiten, da teure Vorbereitungskurse kaum Vorteile bieten.\u00a0<\/span><span style=\"font-size: 14px;\">Der Test wird gem\u00e4\u00df den strengen Datenschutzstandards der EU durchgef\u00fchrt.<\/span><\/p><div>\u00a0<\/div>\t\t\t\t\t\t<\/div>\n\t\t\t\t<\/div>\n\t\t\t\t\t<\/div>\n\t\t<\/div>\n\t\t\t\t<div class=\"elementor-column elementor-col-50 elementor-inner-column elementor-element elementor-element-30e45ee\" data-id=\"30e45ee\" data-element_type=\"column\">\n\t\t\t<div class=\"elementor-widget-wrap elementor-element-populated\">\n\t\t\t\t\t\t\t\t<div class=\"elementor-element elementor-element-687f617 elementor-widget elementor-widget-text-editor\" data-id=\"687f617\" data-element_type=\"widget\" data-widget_type=\"text-editor.default\">\n\t\t\t\t<div class=\"elementor-widget-container\">\n\t\t\t\t\t\t\t<p style=\"font-variant-ligatures: normal; font-variant-caps: normal; font-family: &quot;Open Sans&quot;, sans-serif; font-size: 14px; font-style: normal; font-weight: 400;\"><span style=\"font-size: 14px; font-weight: 700;\">DER GR\u00d6\u00dfTE STUDIENEIGNUNGSTEST IM DEUTSCHSPRACHIGEN RAUM<\/span><\/p><p style=\"font-variant-ligatures: normal; font-variant-caps: normal; font-family: &quot;Open Sans&quot;, sans-serif; font-size: 14px; font-style: normal; font-weight: 400;\">Der TMS wird derzeit von 36 medizinischen Fakult\u00e4ten f\u00fcr die Zulassung zum Humanmedizinstudium und von 28 Fakult\u00e4ten f\u00fcr die Zulassung zum Zahnmedizinstudium gem\u00e4\u00df den Quoten des deutschen Hochschulgesetzes verwendet. Zus\u00e4tzlich ber\u00fccksichtigen andere Studieng\u00e4nge wie Pharmazie in Leipzig, Molekulare Medizin in Ulm und verschiedene Quoten zur Verbesserung der medizinischen Versorgung in l\u00e4ndlichen Gebieten der Bundesl\u00e4nder den TMS im Zulassungs- oder Auswahlverfahren. Im Jahr 2022 gab es mehr als 37.000 Anmeldungen f\u00fcr die vier Testtage des TMS, die an etwa 80 verschiedenen Teststandorten angeboten wurden, um die Erreichbarkeit f\u00fcr die Teilnehmer sicherzustellen. Dies macht den TMS zum gr\u00f6\u00dften fachspezifischen Studieneignungstest im deutschsprachigen Raum.<\/p><p><b>ERGEBNISMITTEILUNG<\/b><\/p>\n<p>Wenn Sie sich f\u00fcr ein Medizinstudium an Universit\u00e4ten bewerben m\u00f6chten, k\u00f6nnen Sie dies \u00fcber Hochschulstart tun. Hier haben Sie die M\u00f6glichkeit, Ihr TMS-Ergebnis direkt w\u00e4hrend des Bewerbungsprozesses einzugeben. Weitere Informationen zum Bewerbungsablauf bei Hochschulstart sowie wichtige Termine und Fristen f\u00fcr die Bewerbung finden Sie auf hochschulstart.de.<\/p><p><span style=\"font-size: 14px;\">Die Nutzeruniversit\u00e4ten ber\u00fccksichtigen das Ergebnis des TMS in verschiedenen Quoten. Um genau zu verstehen, wie Ihr TMS-Ergebnis in Verbindung mit anderen Kriterien bewertet wird, empfehlen wir Ihnen, die Auswahlrichtlinien der Universit\u00e4ten zu konsultieren, bei denen Sie sich bewerben m\u00f6chten. Dort finden Sie stets die aktuellsten und verbindlichen Informationen. Normalerweise wird der Testscore (Standardwert) des Gesamtergebnisses im TMS so ber\u00fccksichtigt, dass Sie Ihre Chancen auf einen Studienplatz an der Universit\u00e4t durch Einreichen des TMS-Ergebnisses verbessern k\u00f6nnen, ohne sie zu verschlechtern.<\/span><\/p>\n<p><\/p>\n<p><b>EMS &#8211; EIGNUNGSTEST F\u00dcR MEDIZINSTUDIENG\u00c4NGE &#8211; ANPASSUNG DES TMS F\u00dcR DIE SCHWEIZ<\/b><\/p>\n<p>In der Schweiz wird der Eignungstest f\u00fcr Medizinstudieng\u00e4nge (EMS) verwendet, der eine Anpassung des deutschen TMS-Testkonzepts darstellt und \u00e4hnlich wie der TMS genutzt wird. Auch f\u00fcr den EMS fungiert das ITB haupts\u00e4chlich als Testentwickler, w\u00e4hrend die Verantwortung f\u00fcr Durchf\u00fchrung und Organisation beim Zentrum f\u00fcr Testentwicklung und Diagnostik (ZTD) an der Universit\u00e4t Fribourg (Schweiz) liegt.&nbsp;<span style=\"font-size: 14px;\">Der EMS wird in den Sprachen Deutsch, Franz\u00f6sisch und Italienisch angeboten.<\/span><\/p>\t\t\t\t\t\t<\/div>\n\t\t\t\t<\/div>\n\t\t\t\t\t<\/div>\n\t\t<\/div>\n\t\t\t\t\t\t\t<\/div>\n\t\t<\/section>\n\t\t\t\t\t<\/div>\n\t\t<\/div>\n\t\t\t\t\t\t\t<\/div>\n\t\t<\/section>\n\t\t\t\t\t\t\t<\/div>\n\t\t","protected":false},"excerpt":{"rendered":"<p>Studium TMS Der TMS, auch bekannt als der Test f\u00fcr medizinische Studieng\u00e4nge, ist ein spezialisierter Eignungstest f\u00fcr Studierende im medizinischen Bereich. Er wurde gem\u00e4\u00df internationalen Standards f\u00fcr psychologische Eignungsdiagnostik entwickelt und umfasst verschiedene Untertests, die sich als zuverl\u00e4ssige Indikatoren f\u00fcr den Erfolg im Studium erwiesen haben. Diese Untertests sind: Muster zuordnen Medizinisches und naturwissenschaftliches Grundwissen [&hellip;]<\/p>\n","protected":false},"author":1,"featured_media":0,"parent":0,"menu_order":0,"comment_status":"closed","ping_status":"closed","template":"","meta":{"_monsterinsights_skip_tracking":false,"_monsterinsights_sitenote_active":false,"_monsterinsights_sitenote_note":"","_monsterinsights_sitenote_category":0,"_uf_show_specific_survey":0,"_uf_disable_surveys":false,"footnotes":""},"aioseo_notices":[],"_links":{"self":[{"href":"https:\/\/roj-union.com\/index.php\/wp-json\/wp\/v2\/pages\/766"}],"collection":[{"href":"https:\/\/roj-union.com\/index.php\/wp-json\/wp\/v2\/pages"}],"about":[{"href":"https:\/\/roj-union.com\/index.php\/wp-json\/wp\/v2\/types\/page"}],"author":[{"embeddable":true,"href":"https:\/\/roj-union.com\/index.php\/wp-json\/wp\/v2\/users\/1"}],"replies":[{"embeddable":true,"href":"https:\/\/roj-union.com\/index.php\/wp-json\/wp\/v2\/comments?post=766"}],"version-history":[{"count":3,"href":"https:\/\/roj-union.com\/index.php\/wp-json\/wp\/v2\/pages\/766\/revisions"}],"predecessor-version":[{"id":770,"href":"https:\/\/roj-union.com\/index.php\/wp-json\/wp\/v2\/pages\/766\/revisions\/770"}],"wp:attachment":[{"href":"https:\/\/roj-union.com\/index.php\/wp-json\/wp\/v2\/media?parent=766"}],"curies":[{"name":"wp","href":"https:\/\/api.w.org\/{rel}","templated":true}]}}