{"id":760,"date":"2023-11-08T15:03:33","date_gmt":"2023-11-08T15:03:33","guid":{"rendered":"https:\/\/roj-union.com\/?page_id=760"},"modified":"2023-11-08T15:06:46","modified_gmt":"2023-11-08T15:06:46","slug":"bonn","status":"publish","type":"page","link":"https:\/\/roj-union.com\/index.php\/bonn\/","title":{"rendered":"Bonn"},"content":{"rendered":"\t\t<div data-elementor-type=\"wp-page\" data-elementor-id=\"760\" class=\"elementor elementor-760\">\n\t\t\t\t\t\t\t\t\t<section class=\"elementor-section elementor-top-section elementor-element elementor-element-c71427a elementor-section-height-min-height elementor-section-boxed elementor-section-height-default elementor-section-items-middle\" data-id=\"c71427a\" data-element_type=\"section\">\n\t\t\t\t\t\t\t<div class=\"elementor-background-overlay\"><\/div>\n\t\t\t\t\t\t\t<div class=\"elementor-container elementor-column-gap-default\">\n\t\t\t\t\t<div class=\"elementor-column elementor-col-100 elementor-top-column elementor-element elementor-element-5f459f5\" data-id=\"5f459f5\" data-element_type=\"column\" data-settings=\"{&quot;background_background&quot;:&quot;classic&quot;}\">\n\t\t\t<div class=\"elementor-widget-wrap elementor-element-populated\">\n\t\t\t\t\t\t\t\t<div class=\"elementor-element elementor-element-21e9037 elementor-invisible elementor-widget elementor-widget-heading\" data-id=\"21e9037\" data-element_type=\"widget\" data-settings=\"{&quot;_animation&quot;:&quot;fadeIn&quot;}\" data-widget_type=\"heading.default\">\n\t\t\t\t<div class=\"elementor-widget-container\">\n\t\t\t<style>\/*! elementor - v3.18.0 - 08-12-2023 *\/\n.elementor-heading-title{padding:0;margin:0;line-height:1}.elementor-widget-heading .elementor-heading-title[class*=elementor-size-]>a{color:inherit;font-size:inherit;line-height:inherit}.elementor-widget-heading .elementor-heading-title.elementor-size-small{font-size:15px}.elementor-widget-heading .elementor-heading-title.elementor-size-medium{font-size:19px}.elementor-widget-heading .elementor-heading-title.elementor-size-large{font-size:29px}.elementor-widget-heading .elementor-heading-title.elementor-size-xl{font-size:39px}.elementor-widget-heading .elementor-heading-title.elementor-size-xxl{font-size:59px}<\/style><h1 class=\"elementor-heading-title elementor-size-default\">St\u00e4dte<\/h1>\t\t<\/div>\n\t\t\t\t<\/div>\n\t\t\t\t\t<\/div>\n\t\t<\/div>\n\t\t\t\t\t\t\t<\/div>\n\t\t<\/section>\n\t\t\t\t<section class=\"elementor-section elementor-top-section elementor-element elementor-element-a3a5d31 elementor-section-stretched elementor-section-boxed elementor-section-height-default elementor-section-height-default\" data-id=\"a3a5d31\" data-element_type=\"section\" data-settings=\"{&quot;stretch_section&quot;:&quot;section-stretched&quot;,&quot;background_background&quot;:&quot;classic&quot;}\">\n\t\t\t\t\t\t<div class=\"elementor-container elementor-column-gap-default\">\n\t\t\t\t\t<div class=\"elementor-column elementor-col-100 elementor-top-column elementor-element elementor-element-32d1f73\" data-id=\"32d1f73\" data-element_type=\"column\">\n\t\t\t<div class=\"elementor-widget-wrap elementor-element-populated\">\n\t\t\t\t\t\t\t\t<div class=\"elementor-element elementor-element-14a6c30 elementor-widget elementor-widget-spacer\" data-id=\"14a6c30\" data-element_type=\"widget\" data-widget_type=\"spacer.default\">\n\t\t\t\t<div class=\"elementor-widget-container\">\n\t\t\t<style>\/*! elementor - v3.18.0 - 08-12-2023 *\/\n.elementor-column .elementor-spacer-inner{height:var(--spacer-size)}.e-con{--container-widget-width:100%}.e-con-inner>.elementor-widget-spacer,.e-con>.elementor-widget-spacer{width:var(--container-widget-width,var(--spacer-size));--align-self:var(--container-widget-align-self,initial);--flex-shrink:0}.e-con-inner>.elementor-widget-spacer>.elementor-widget-container,.e-con>.elementor-widget-spacer>.elementor-widget-container{height:100%;width:100%}.e-con-inner>.elementor-widget-spacer>.elementor-widget-container>.elementor-spacer,.e-con>.elementor-widget-spacer>.elementor-widget-container>.elementor-spacer{height:100%}.e-con-inner>.elementor-widget-spacer>.elementor-widget-container>.elementor-spacer>.elementor-spacer-inner,.e-con>.elementor-widget-spacer>.elementor-widget-container>.elementor-spacer>.elementor-spacer-inner{height:var(--container-widget-height,var(--spacer-size))}.e-con-inner>.elementor-widget-spacer.elementor-widget-empty,.e-con>.elementor-widget-spacer.elementor-widget-empty{position:relative;min-height:22px;min-width:22px}.e-con-inner>.elementor-widget-spacer.elementor-widget-empty .elementor-widget-empty-icon,.e-con>.elementor-widget-spacer.elementor-widget-empty .elementor-widget-empty-icon{position:absolute;top:0;bottom:0;left:0;right:0;margin:auto;padding:0;width:22px;height:22px}<\/style>\t\t<div class=\"elementor-spacer\">\n\t\t\t<div class=\"elementor-spacer-inner\"><\/div>\n\t\t<\/div>\n\t\t\t\t<\/div>\n\t\t\t\t<\/div>\n\t\t\t\t<div class=\"elementor-element elementor-element-3eed823 animated-fast elementor-invisible elementor-widget elementor-widget-heading\" data-id=\"3eed823\" data-element_type=\"widget\" data-settings=\"{&quot;_animation&quot;:&quot;slideInUp&quot;}\" data-widget_type=\"heading.default\">\n\t\t\t\t<div class=\"elementor-widget-container\">\n\t\t\t<h3 class=\"elementor-heading-title elementor-size-default\">Bonn<\/h3>\t\t<\/div>\n\t\t\t\t<\/div>\n\t\t\t\t<div class=\"elementor-element elementor-element-418f6ad elementor-widget elementor-widget-text-editor\" data-id=\"418f6ad\" data-element_type=\"widget\" data-widget_type=\"text-editor.default\">\n\t\t\t\t<div class=\"elementor-widget-container\">\n\t\t\t<style>\/*! elementor - v3.18.0 - 08-12-2023 *\/\n.elementor-widget-text-editor.elementor-drop-cap-view-stacked .elementor-drop-cap{background-color:#69727d;color:#fff}.elementor-widget-text-editor.elementor-drop-cap-view-framed .elementor-drop-cap{color:#69727d;border:3px solid;background-color:transparent}.elementor-widget-text-editor:not(.elementor-drop-cap-view-default) .elementor-drop-cap{margin-top:8px}.elementor-widget-text-editor:not(.elementor-drop-cap-view-default) .elementor-drop-cap-letter{width:1em;height:1em}.elementor-widget-text-editor .elementor-drop-cap{float:left;text-align:center;line-height:1;font-size:50px}.elementor-widget-text-editor .elementor-drop-cap-letter{display:inline-block}<\/style>\t\t\t\t\t\t\t\t\t\t<\/div>\n\t\t\t\t<\/div>\n\t\t\t\t\t<\/div>\n\t\t<\/div>\n\t\t\t\t\t\t\t<\/div>\n\t\t<\/section>\n\t\t\t\t<section class=\"elementor-section elementor-top-section elementor-element elementor-element-01f87e7 elementor-section-boxed elementor-section-height-default elementor-section-height-default\" data-id=\"01f87e7\" data-element_type=\"section\" data-settings=\"{&quot;background_background&quot;:&quot;classic&quot;}\">\n\t\t\t\t\t\t<div class=\"elementor-container elementor-column-gap-default\">\n\t\t\t\t\t<div class=\"elementor-column elementor-col-100 elementor-top-column elementor-element elementor-element-e2eb3d3\" data-id=\"e2eb3d3\" data-element_type=\"column\">\n\t\t\t<div class=\"elementor-widget-wrap elementor-element-populated\">\n\t\t\t\t\t\t\t\t<section class=\"elementor-section elementor-inner-section elementor-element elementor-element-55341f6 elementor-section-boxed elementor-section-height-default elementor-section-height-default\" data-id=\"55341f6\" data-element_type=\"section\">\n\t\t\t\t\t\t<div class=\"elementor-container elementor-column-gap-default\">\n\t\t\t\t\t<div class=\"elementor-column elementor-col-50 elementor-inner-column elementor-element elementor-element-9582f04\" data-id=\"9582f04\" data-element_type=\"column\">\n\t\t\t<div class=\"elementor-widget-wrap elementor-element-populated\">\n\t\t\t\t\t\t\t\t<div class=\"elementor-element elementor-element-8be2a09 elementor-widget elementor-widget-text-editor\" data-id=\"8be2a09\" data-element_type=\"widget\" data-widget_type=\"text-editor.default\">\n\t\t\t\t<div class=\"elementor-widget-container\">\n\t\t\t\t\t\t\t<p>Bajar\u00ea Bonn bajarek mezin e li nav\u00e7eya Koln\u00ea li ba\u015f\u00fbr\u00ea her\u00eama Bakur\u00ea Reyn \u00fb Westfaliya NRW ye. Bonn yek ji b\u00eest bajar\u00ean her\u00ee mezin \u00ea Elmanyay\u00ea ye. Bajar\u00ea li ser herdu perav\u00ean Rhein ji 1949 heta 1973 navenda demk\u00ee ya hik\u00fbmet\u00ea \u00fb ji 1973 heta 1990 paytexta dewlet\u00ea b\u00fb. Navenda Netewey\u00ean Yekb\u00fby\u00ee ji sala 1951\u00ea ve li Bonn\u00ea ye.<\/p><p>Nav\u00ea bajar\u00ea ,,Bonna\u02bc\u02bc \u00ea rom\u00ee cara yekem di d\u00eeroka Tacitus de di sala 96an de hatiye behs kirin \u00fb nav\u00ea baj\u00ear niha j\u00ee ji v\u00ee nav\u00ea rom\u00ee hatiye wergirtin. L\u00ea bel\u00ea, p\u00ea\u015fve\u00e7\u00fbna nav\u00ea baj\u00ear ne bi aweyek\u00ee domdar b\u00fb. Di Serdema Nav\u00een de, bajar wek\u00ee Bern \u00fb bi lat\u00een\u00ee wek\u00ee Verona dihat binav kirin. Gotina yekem wek\u00ee oppidum Bonnense, anku wek\u00ee &#8222;Bajar\u00ea Bonn&#8220;, vedigere 1211an.\u00a0<\/p><p>Di sala 1989an de bajar\u00ea Bonn\u00ea 2000 saliya xwe p\u00eeroz kir.\u00a0 Bi v\u00ee reng\u00ee damezrandina yekem kampa rom\u00ee ya li ser Reyn\u00ea di sala 12 BZ de hate bib\u00eeran\u00een. L\u00ea mirov ji ber\u00ea de li v\u00ea her\u00eam\u00ea jiyan dikir.\u00a0 Belgey\u00ean v\u00ea yek\u00ea gora ya 14000-sal\u00ee ya li Oberkassel\u00ea \u00fb her weha xendek \u00fb paldank\u00ean dar\u00een \u00ean ku li devera Venusberg hatine d\u00eetin \u00fb temen\u00ea wan digihe dora 4080 BZ.<\/p><p>Heb\u00fbna Romay\u00ea li Bonn\u00ea ber\u00ee zay\u00een\u00ea hindik b\u00fb, ev yek pi\u015ft\u00ee t\u00eak\u00e7\u00fbna Romay\u00ea li \u015eer\u00ea Varus\u00ea di sala 9 PZ\u00a0 de hate guhertin. Di dehsal\u00ean pa\u015feroj\u00ea de, art\u00ea\u015fa Romay\u00ea li her\u00eama bakur\u00ea baj\u00ear r\u00fbni\u015ft. Dawiya \u00cemparatoriya Romay\u00ea bi pa\u015fketina Bonn re di dawiya ant\u00eek \u00fb destp\u00eaka serdema nav\u00een de b\u00fb.\u00a0 Di \u00ear\u00ee\u015f\u00ean V\u00eek\u00eengan de li Rheinland\u00ea, Bonn di sala 882an de du caran hat \u015fewitandin \u00fb di sala 883an de bajar\u00ea ku ji n\u00fb ve hatib\u00fb avakirin, ji h\u00eala Normanan ve d\u00eesa hat \u015fewitandin \u00fb talan kirin. Di serdema Frankonian de bi taybet\u00ee di sedsal\u00ean 9an \u00fb 10an de, navendek giyan\u00ee p\u00ea\u015f ket, Villa Basilika. Di sala 1243 de maf\u00ean tevah\u00ee baj\u00ear hatine day\u00een.<\/p><p>Encama \u015eer\u00ea Worringen\u00ea di sala 1288an de ji bo p\u00ea\u015fde\u00e7\u00fbna baj\u00ear gir\u00eengiyek mezin b\u00fb. M\u00eergeha Koln\u00ea (Kurf\u00fcrsten) Bonn, Br\u00fchl \u00fb Poppelsdorf kirin yek ji ni\u015ftecih\u00ean xwe \u00fb di sedsal\u00ean 17an \u00fb 18an de ji h\u00eala wan qesr\u00ean bi heybet hatine \u00e7\u00eakirin. Ev serdem bi \u015eer\u00ea Hevbendiya Yekem di 8\u00ea Cotmeha 1794an de bi daw\u00ee b\u00fb. Pi\u015ft\u00ee v\u00ea yek\u00ea n\u00eaz\u00eek\u00ea du deh salan ji aliy\u00ea h\u00eaz\u00ean Frans\u00ee y\u00ean Napoleon ve bajar\u00ea Bonn\u00ea\u00a0 hat dagirkirin. Windakirina M\u00eerektiya Koln\u00ea (Kurf\u00fcrsten) \u00fb bac\u00ean dagirkeriy\u00ea y\u00ean li ser xwarin, cil \u00fb xan\u00ee xelk feq\u00eer kir \u00fb serjimara Bonn\u00ea bi qas\u00ee 20% k\u00eam kir. Pi\u015ft\u00ee t\u00eak\u00e7\u00fbna art\u00ea\u015fa frans\u00ee li R\u00fbsyay\u00ea 1812 \u00fb bi taybet\u00ee pi\u015ft\u00ee \u015eer\u00ea Leipzig\u00ea Fransiyan di \u00c7ile 1814an de Bonn terikandin.<\/p>\t\t\t\t\t\t<\/div>\n\t\t\t\t<\/div>\n\t\t\t\t\t<\/div>\n\t\t<\/div>\n\t\t\t\t<div class=\"elementor-column elementor-col-50 elementor-inner-column elementor-element elementor-element-fc3a9dc\" data-id=\"fc3a9dc\" data-element_type=\"column\">\n\t\t\t<div class=\"elementor-widget-wrap elementor-element-populated\">\n\t\t\t\t\t\t\t\t<div class=\"elementor-element elementor-element-2b1918b elementor-widget elementor-widget-text-editor\" data-id=\"2b1918b\" data-element_type=\"widget\" data-widget_type=\"text-editor.default\">\n\t\t\t\t<div class=\"elementor-widget-container\">\n\t\t\t\t\t\t\t<p>Pi\u015ft\u00ee \u015eer\u00ea C\u00eehan\u00ea y\u00ea Yekem, bajar p\u00ea\u015f\u00ee ji h\u00eala Kanadiyan, pi\u015ftre ji h\u00eala Ingil\u00eezan \u00fb di dawiy\u00ea de ji h\u00eala Frens\u00ee ve heya 1926 hate dagir kirin. Z\u00eadetir\u00ee 1000 welatiy\u00ean Bonn\u00ea, ku piraniya wan bi esl\u00ea xwe cih\u00fb b\u00fbn, di serdema netewe-sosyal\u00eest de hatin ku\u015ftin. N\u00eaz\u00eek\u00ee 8000 kes ne\u00e7ar man ku ji bajar\u00ean xwe derkevin, yan j\u00ee di z\u00eendanan de dihatin girtin. Dema ku \u015eer\u00ea C\u00eehan\u00ea y\u00ea Duyem\u00een di 9\u00ea Adara 1945an de bi \u00eari\u015fa le\u015fker\u00ean Amer\u00eek\u00ee bo Bonn\u00ea bi daw\u00ee b\u00fb, asta w\u00earankirina avahiyan ji sed\u00ee 30 b\u00fb. Z\u00eadetir\u00ee 4000 ni\u015ftecih\u00ean Bonn\u00ea di \u00ear\u00ee\u015f\u00ean bombey\u00ee de mirin. Di 28\u00ea Gulana 1945an de, Bonn b\u00fb be\u015fek ji her\u00eama dagirkirina Br\u00eetan\u00ee. Pi\u015ft\u00ee \u015eer\u00ea C\u00eehan\u00ea y\u00ea Duyem\u00een, bajar bi lez p\u00ea\u015f ket \u00fb berfireh b\u00fb, nemaze pi\u015ft\u00ee ku biryara di berjewendiya Bonn de wek\u00ee kursiya demk\u00ee ya huk\u00fbmeta n\u00fb ya Almanya Federal li \u015f\u00fbna Frankfurt am Main di 29\u00ea Mijdara 1949an de hate girtin.<\/p><p>Bajar\u00ea Bonn\u00ea \u00e7end caran hatiye mezinkirin, di sala 1904an de bajar\u00ean Poppelsdorf, Endenich, Kessenich \u00fb Dottendorf bi&nbsp; Bonn\u00ea ve hatin gir\u00eadan. Di sala 1969an de nif\u00fbsa bajar\u00ea Bonn\u00ea z\u00eadetir b\u00fb \u00fb nav\u00e7eya Siegkreis bi Bonn re hate yek kirin ku nav\u00e7eya Rhein-Sieg ava kirin. Bajar\u00ean serbixwe Bad Godesberg \u00fb Beuel \u00fb \u015faredariya Duisdorf b\u00fbne nav\u00e7ey\u00ean cuda y\u00ean Bonn\u00ea. Nav\u00e7eya Beuel a li rex\u00ea rast\u00ea y\u00ea Ren j\u00ee nehiy\u00ean Holzlar, Hoholz \u00fb Oberkassel \u00ean ku heta w\u00ea dem\u00ea gir\u00eaday\u00ee Siegkreis b\u00fbn, wergirtin. Bonn bi xwe hate berfireh kirin da ku bajar\u00ean Ippendorf, R\u00f6ttgen, \u00dcckesdorf, Lessenich\/Me\u00dfdorf \u00fb Buschdorf \u00ean nav\u00e7eya ber\u00ea ya Bonn, Lengsdorf \u00fb Duisdorf, digel hin dever\u00ean n\u00fb y\u00ean p\u00ea\u015fkeftin\u00ea, nav\u00e7eya Hardtberg ava kirin. Bad Godesberg ji&nbsp; ber\u00ea de \u00e7end cihan li tev w\u00ea b\u00fbn.&nbsp; Di 1899an de, Plittersdorf \u00fb R\u00fcngsdorf bi Bad Godesberg ve hatin gir\u00eadan, di 1904an de Friesdorf hate z\u00eadekirin, ku t\u00ea v\u00ea watey\u00ea ku Bad Godesberg bi rast\u00ee bi Bonn re mezin b\u00fb.&nbsp; Di sala 1915an de, Bad Godesberg ji geliy\u00ea ber bi ba\u015f\u00fbrrojavay\u00ea ve mezin b\u00fb, ji ber v\u00ea yek\u00ea Muffendorf tevli b\u00fb.&nbsp; Di 1935an de, Lannesdorf \u00fb Mehlem b\u00fbn nav\u00e7ey\u00ean Bad Godesberg.<\/p><p>Bi nif\u00fbs 336,465 (2022), Bonn yek ji deh bajar\u00ean her\u00ee mezin \u00ean Bakur\u00ea Rhine-Westfalen e. Nif\u00fbsa bajar\u00ea Bonn\u00ea cara yekem di sala 1934an de ji 100.000 derbas b\u00fb \u00fb ji bajarek\u00ee nav\u00een veguher\u00ee bajarek\u00ee mezin. Hejmara ni\u015ftecihan di sala 1969an de du qat z\u00eade b\u00fb. Di navbera 1992 \u00fb 1995an de k\u00eamb\u00fbnek sivik di nif\u00fbs\u00ea de heb\u00fb. Di 2022 de, 29,6% ji nif\u00fbsa Bonn\u00ea Katol\u00eek, 16,8% Protestan \u00fb 11,5% \u00ceslam\u00ee b\u00fbn.&nbsp; 3,4% ji hin ol\u00ean din \u00fb 38,7% j\u00ee ne ti ji civatek ol\u00ee b\u00fbn. Zaravay\u00ea Bonn\u00ea zaravaya R\u00eepuar\u00ee B\u00f6nnsch e, zaravayek Frankoniya Nav\u00een e ku ji zaravay\u00ea K\u00f6lsch\u00ea&nbsp; ji n\u00eaz ve gir\u00eaday\u00ee ye.<\/p>\t\t\t\t\t\t<\/div>\n\t\t\t\t<\/div>\n\t\t\t\t\t<\/div>\n\t\t<\/div>\n\t\t\t\t\t\t\t<\/div>\n\t\t<\/section>\n\t\t\t\t\t<\/div>\n\t\t<\/div>\n\t\t\t\t\t\t\t<\/div>\n\t\t<\/section>\n\t\t\t\t\t\t\t<\/div>\n\t\t","protected":false},"excerpt":{"rendered":"<p>St\u00e4dte Bonn Bajar\u00ea Bonn bajarek mezin e li nav\u00e7eya Koln\u00ea li ba\u015f\u00fbr\u00ea her\u00eama Bakur\u00ea Reyn \u00fb Westfaliya NRW ye. Bonn yek ji b\u00eest bajar\u00ean her\u00ee mezin \u00ea Elmanyay\u00ea ye. Bajar\u00ea li ser herdu perav\u00ean Rhein ji 1949 heta 1973 navenda demk\u00ee ya hik\u00fbmet\u00ea \u00fb ji 1973 heta 1990 paytexta dewlet\u00ea b\u00fb. Navenda Netewey\u00ean Yekb\u00fby\u00ee ji [&hellip;]<\/p>\n","protected":false},"author":1,"featured_media":0,"parent":0,"menu_order":0,"comment_status":"closed","ping_status":"closed","template":"","meta":{"_monsterinsights_skip_tracking":false,"_monsterinsights_sitenote_active":false,"_monsterinsights_sitenote_note":"","_monsterinsights_sitenote_category":0,"_uf_show_specific_survey":0,"_uf_disable_surveys":false,"footnotes":""},"aioseo_notices":[],"_links":{"self":[{"href":"https:\/\/roj-union.com\/index.php\/wp-json\/wp\/v2\/pages\/760"}],"collection":[{"href":"https:\/\/roj-union.com\/index.php\/wp-json\/wp\/v2\/pages"}],"about":[{"href":"https:\/\/roj-union.com\/index.php\/wp-json\/wp\/v2\/types\/page"}],"author":[{"embeddable":true,"href":"https:\/\/roj-union.com\/index.php\/wp-json\/wp\/v2\/users\/1"}],"replies":[{"embeddable":true,"href":"https:\/\/roj-union.com\/index.php\/wp-json\/wp\/v2\/comments?post=760"}],"version-history":[{"count":3,"href":"https:\/\/roj-union.com\/index.php\/wp-json\/wp\/v2\/pages\/760\/revisions"}],"predecessor-version":[{"id":764,"href":"https:\/\/roj-union.com\/index.php\/wp-json\/wp\/v2\/pages\/760\/revisions\/764"}],"wp:attachment":[{"href":"https:\/\/roj-union.com\/index.php\/wp-json\/wp\/v2\/media?parent=760"}],"curies":[{"name":"wp","href":"https:\/\/api.w.org\/{rel}","templated":true}]}}