{"id":748,"date":"2023-09-15T13:26:45","date_gmt":"2023-09-15T13:26:45","guid":{"rendered":"https:\/\/roj-union.com\/?page_id=748"},"modified":"2023-09-15T13:29:04","modified_gmt":"2023-09-15T13:29:04","slug":"elementor-748","status":"publish","type":"page","link":"https:\/\/roj-union.com\/index.php\/elementor-748\/","title":{"rendered":"Zitadelle Erbil"},"content":{"rendered":"\t\t<div data-elementor-type=\"wp-page\" data-elementor-id=\"748\" class=\"elementor elementor-748\">\n\t\t\t\t\t\t\t\t\t<section class=\"elementor-section elementor-top-section elementor-element elementor-element-7005fb2 elementor-section-height-min-height elementor-section-full_width elementor-section-height-default elementor-section-items-middle\" data-id=\"7005fb2\" data-element_type=\"section\" data-settings=\"{&quot;background_background&quot;:&quot;classic&quot;}\">\n\t\t\t\t\t\t\t<div class=\"elementor-background-overlay\"><\/div>\n\t\t\t\t\t\t\t<div class=\"elementor-container elementor-column-gap-default\">\n\t\t\t\t\t<div class=\"elementor-column elementor-col-100 elementor-top-column elementor-element elementor-element-4308815\" data-id=\"4308815\" data-element_type=\"column\">\n\t\t\t<div class=\"elementor-widget-wrap elementor-element-populated\">\n\t\t\t\t\t\t\t\t<section class=\"elementor-section elementor-inner-section elementor-element elementor-element-a0088b2 elementor-section-content-bottom elementor-section-boxed elementor-section-height-default elementor-section-height-default elementor-invisible\" data-id=\"a0088b2\" data-element_type=\"section\" data-settings=\"{&quot;animation&quot;:&quot;fadeInUp&quot;}\">\n\t\t\t\t\t\t<div class=\"elementor-container elementor-column-gap-default\">\n\t\t\t\t\t<div class=\"elementor-column elementor-col-100 elementor-inner-column elementor-element elementor-element-e133ee0\" data-id=\"e133ee0\" data-element_type=\"column\">\n\t\t\t<div class=\"elementor-widget-wrap elementor-element-populated\">\n\t\t\t\t\t\t\t\t<div class=\"elementor-element elementor-element-195d64b elementor-invisible elementor-widget elementor-widget-heading\" data-id=\"195d64b\" data-element_type=\"widget\" data-settings=\"{&quot;_animation&quot;:&quot;fadeIn&quot;,&quot;_animation_delay&quot;:100}\" data-widget_type=\"heading.default\">\n\t\t\t\t<div class=\"elementor-widget-container\">\n\t\t\t<style>\/*! elementor - v3.18.0 - 08-12-2023 *\/\n.elementor-heading-title{padding:0;margin:0;line-height:1}.elementor-widget-heading .elementor-heading-title[class*=elementor-size-]>a{color:inherit;font-size:inherit;line-height:inherit}.elementor-widget-heading .elementor-heading-title.elementor-size-small{font-size:15px}.elementor-widget-heading .elementor-heading-title.elementor-size-medium{font-size:19px}.elementor-widget-heading .elementor-heading-title.elementor-size-large{font-size:29px}.elementor-widget-heading .elementor-heading-title.elementor-size-xl{font-size:39px}.elementor-widget-heading .elementor-heading-title.elementor-size-xxl{font-size:59px}<\/style><h1 class=\"elementor-heading-title elementor-size-default\">Historische Orte<\/h1>\t\t<\/div>\n\t\t\t\t<\/div>\n\t\t\t\t\t<\/div>\n\t\t<\/div>\n\t\t\t\t\t\t\t<\/div>\n\t\t<\/section>\n\t\t\t\t\t<\/div>\n\t\t<\/div>\n\t\t\t\t\t\t\t<\/div>\n\t\t<\/section>\n\t\t\t\t<section class=\"elementor-section elementor-top-section elementor-element elementor-element-a686c42 elementor-section-stretched elementor-section-boxed elementor-section-height-default elementor-section-height-default\" data-id=\"a686c42\" data-element_type=\"section\" data-settings=\"{&quot;stretch_section&quot;:&quot;section-stretched&quot;,&quot;background_background&quot;:&quot;classic&quot;}\">\n\t\t\t\t\t\t<div class=\"elementor-container elementor-column-gap-default\">\n\t\t\t\t\t<div class=\"elementor-column elementor-col-100 elementor-top-column elementor-element elementor-element-5fca6ce\" data-id=\"5fca6ce\" data-element_type=\"column\">\n\t\t\t<div class=\"elementor-widget-wrap elementor-element-populated\">\n\t\t\t\t\t\t\t\t<div class=\"elementor-element elementor-element-0d4a79e elementor-widget elementor-widget-spacer\" data-id=\"0d4a79e\" data-element_type=\"widget\" data-widget_type=\"spacer.default\">\n\t\t\t\t<div class=\"elementor-widget-container\">\n\t\t\t<style>\/*! elementor - v3.18.0 - 08-12-2023 *\/\n.elementor-column .elementor-spacer-inner{height:var(--spacer-size)}.e-con{--container-widget-width:100%}.e-con-inner>.elementor-widget-spacer,.e-con>.elementor-widget-spacer{width:var(--container-widget-width,var(--spacer-size));--align-self:var(--container-widget-align-self,initial);--flex-shrink:0}.e-con-inner>.elementor-widget-spacer>.elementor-widget-container,.e-con>.elementor-widget-spacer>.elementor-widget-container{height:100%;width:100%}.e-con-inner>.elementor-widget-spacer>.elementor-widget-container>.elementor-spacer,.e-con>.elementor-widget-spacer>.elementor-widget-container>.elementor-spacer{height:100%}.e-con-inner>.elementor-widget-spacer>.elementor-widget-container>.elementor-spacer>.elementor-spacer-inner,.e-con>.elementor-widget-spacer>.elementor-widget-container>.elementor-spacer>.elementor-spacer-inner{height:var(--container-widget-height,var(--spacer-size))}.e-con-inner>.elementor-widget-spacer.elementor-widget-empty,.e-con>.elementor-widget-spacer.elementor-widget-empty{position:relative;min-height:22px;min-width:22px}.e-con-inner>.elementor-widget-spacer.elementor-widget-empty .elementor-widget-empty-icon,.e-con>.elementor-widget-spacer.elementor-widget-empty .elementor-widget-empty-icon{position:absolute;top:0;bottom:0;left:0;right:0;margin:auto;padding:0;width:22px;height:22px}<\/style>\t\t<div class=\"elementor-spacer\">\n\t\t\t<div class=\"elementor-spacer-inner\"><\/div>\n\t\t<\/div>\n\t\t\t\t<\/div>\n\t\t\t\t<\/div>\n\t\t\t\t<div class=\"elementor-element elementor-element-4d14423 animated-fast elementor-invisible elementor-widget elementor-widget-heading\" data-id=\"4d14423\" data-element_type=\"widget\" data-settings=\"{&quot;_animation&quot;:&quot;slideInUp&quot;}\" data-widget_type=\"heading.default\">\n\t\t\t\t<div class=\"elementor-widget-container\">\n\t\t\t<h3 class=\"elementor-heading-title elementor-size-default\">Die Zitadelle von Erbil<\/h3>\t\t<\/div>\n\t\t\t\t<\/div>\n\t\t\t\t<div class=\"elementor-element elementor-element-0c597a9 elementor-widget elementor-widget-text-editor\" data-id=\"0c597a9\" data-element_type=\"widget\" data-widget_type=\"text-editor.default\">\n\t\t\t\t<div class=\"elementor-widget-container\">\n\t\t\t<style>\/*! elementor - v3.18.0 - 08-12-2023 *\/\n.elementor-widget-text-editor.elementor-drop-cap-view-stacked .elementor-drop-cap{background-color:#69727d;color:#fff}.elementor-widget-text-editor.elementor-drop-cap-view-framed .elementor-drop-cap{color:#69727d;border:3px solid;background-color:transparent}.elementor-widget-text-editor:not(.elementor-drop-cap-view-default) .elementor-drop-cap{margin-top:8px}.elementor-widget-text-editor:not(.elementor-drop-cap-view-default) .elementor-drop-cap-letter{width:1em;height:1em}.elementor-widget-text-editor .elementor-drop-cap{float:left;text-align:center;line-height:1;font-size:50px}.elementor-widget-text-editor .elementor-drop-cap-letter{display:inline-block}<\/style>\t\t\t\t\t\t\t\t\t\t<\/div>\n\t\t\t\t<\/div>\n\t\t\t\t\t<\/div>\n\t\t<\/div>\n\t\t\t\t\t\t\t<\/div>\n\t\t<\/section>\n\t\t\t\t<section class=\"elementor-section elementor-top-section elementor-element elementor-element-36c7e7c elementor-section-boxed elementor-section-height-default elementor-section-height-default\" data-id=\"36c7e7c\" data-element_type=\"section\" data-settings=\"{&quot;background_background&quot;:&quot;classic&quot;}\">\n\t\t\t\t\t\t<div class=\"elementor-container elementor-column-gap-default\">\n\t\t\t\t\t<div class=\"elementor-column elementor-col-100 elementor-top-column elementor-element elementor-element-d6d0a21\" data-id=\"d6d0a21\" data-element_type=\"column\">\n\t\t\t<div class=\"elementor-widget-wrap elementor-element-populated\">\n\t\t\t\t\t\t\t\t<section class=\"elementor-section elementor-inner-section elementor-element elementor-element-bdb7b6b elementor-section-boxed elementor-section-height-default elementor-section-height-default\" data-id=\"bdb7b6b\" data-element_type=\"section\">\n\t\t\t\t\t\t<div class=\"elementor-container elementor-column-gap-default\">\n\t\t\t\t\t<div class=\"elementor-column elementor-col-50 elementor-inner-column elementor-element elementor-element-2009329\" data-id=\"2009329\" data-element_type=\"column\">\n\t\t\t<div class=\"elementor-widget-wrap elementor-element-populated\">\n\t\t\t\t\t\t\t\t<div class=\"elementor-element elementor-element-ee4782e elementor-widget elementor-widget-text-editor\" data-id=\"ee4782e\" data-element_type=\"widget\" data-widget_type=\"text-editor.default\">\n\t\t\t\t<div class=\"elementor-widget-container\">\n\t\t\t\t\t\t\t<p>\u00a0<\/p><p>Die Zitadelle von Erbil, auch Hewl\u00ear genannt, liegt in S\u00fcd-Kurdistan, ist eine der \u00e4ltesten Zitadellen der Welt und ein wichtiger arch\u00e4ologischer Schatz Kurdistans. Sie liegt inmitten der Altstadt von Erbil, der Hauptstadt der autonomen Region Kurdistan im Irak und ist ca. 25m hoch und ungef\u00e4hr 415 m \u00fc.NN mit einer Fl\u00e4che von 110.000 m2. In der Zitadelle befinden sich ca. 500 H\u00e4user, die auf drei verschiedene Gebiete verteilt sind. Was diese H\u00e4user f\u00fcr Tourist und Besucher aus aller Welt besonders anziehend macht, sind die wundersch\u00f6nen Inschriften und Dekorationen, die sie zieren. Dar\u00fcber hinaus gibt es drei Museen, ein Handwerkszentrum und eine Statue von Mubarek Mistewfi (1169-1239, kurdischer Historiker und Schriftsteller aus Erbil, betrieb viel historische Recherche und ver\u00f6ffentlichte B\u00fccher, z.B. \u201eDie Geschichte von Erbil&#8220; ). Die Zitadelle von Erbil stellt ein reiches kulturelles Erbe dar. Sie ist seit dem 5. Jahrtausend v.u.Z. besiedelt. Die architektonische Vielfalt der Zitadelle ist darauf zur\u00fcck zu f\u00fchren, dass sie die Zeit vieler K\u00f6nigreiche und Zivilisationen erlebt hat. Einige Beispiele sind die Meder, Sumer, Assyrer und die Sassanid. Pr\u00e4zise historische und wissenschaftliche Ausk\u00fcnfte dar\u00fcber, wie viele Kulturen hier lebten, gibt es nicht, denn die arch\u00e4ologischen Ausgrabungen begannen relativ sp\u00e4t. Die meisten Informationen stammen allerdings aus den Keilschrift-Inschriften, die au\u00dferhalb der Zitadelle entdeckt worden sind. Laut des kurdischen Ministeriums f\u00fcr Kultur habe die Zitadelle von Erbil zwischen 22 und 36 unterschiedliche Zivilisa<span style=\"font-family: 'Open Sans', sans-serif; font-size: 14px; font-style: normal; font-variant-ligatures: normal; font-variant-caps: normal; font-weight: 400; text-align: left;\">tionen und K\u00f6nigreiche erlebt.<\/span><\/p><p>\u00a0<\/p>\t\t\t\t\t\t<\/div>\n\t\t\t\t<\/div>\n\t\t\t\t\t<\/div>\n\t\t<\/div>\n\t\t\t\t<div class=\"elementor-column elementor-col-50 elementor-inner-column elementor-element elementor-element-30e727f\" data-id=\"30e727f\" data-element_type=\"column\">\n\t\t\t<div class=\"elementor-widget-wrap elementor-element-populated\">\n\t\t\t\t\t\t\t\t<div class=\"elementor-element elementor-element-1b7f878 elementor-widget elementor-widget-text-editor\" data-id=\"1b7f878\" data-element_type=\"widget\" data-widget_type=\"text-editor.default\">\n\t\t\t\t<div class=\"elementor-widget-container\">\n\t\t\t\t\t\t\t<p style=\"text-align: left;\">\u00a0<\/p><p style=\"text-align: left;\"><span style=\"font-size: 14px;\">\u00a0Nach Zusammenbruch des Reiches der Meder wechselte Erbil in den Besitz des Ach\u00e4menidenreichs. Dieses wurde dann im Jahr 331 v.u.Z. nach der Schlacht von Gaugamela in der N\u00e4he Erbils von Alexander dem Gro\u00dfen unterworfen, diese Schlacht z\u00e4hlt als das wichtigste Ereignis der Geschichte der Zitadelle. Die Zeit unter der F\u00fchrung von H\u00fclego Chan gilt ebenfalls als ein wichtiges Ereignis. W\u00e4hrend die Mongolen im 13. Jahrhundert in den Nahen Osten einfielen, attackierten sie Erbil im Jahr 1237 zum ersten Mal und belagerten die Zitadelle von Erbil, was allerdings erfolglos blieb, da die Bewohner durch die Abwasserkan\u00e4le heimlich die Zitadelle verlassen und sich mit Lebensmitteln versorgen konnten. Nachdem die autonome Region Kurdistan 2005 von der Zentralregierung des Iraks anerkannt wurde, f\u00fchrte die kurdische Kommunalregierung eine ausf\u00fchrliche Untersuchung der gesamten Zitadelle durch. 2007 begannen mit Hilfe der UN weitere Bauarbeiten, um sie zu erhalten und zu restaurieren. Heutzutage finden hier zahlreiche politische, soziale und wirtschaftliche Veranstaltungen statt. Au\u00dferdem werden in verschiedenen Museen wie beispielsweise dem kurdischen Textilmuseum kulturelle Sch\u00e4tze wie Textilien, Edelsteine, alte Musikinstrumente, folkloristische Kleidung und Antiquit\u00e4ten ausgestellt, um die kurdische Folklore zu bewahren. Die Zitadelle von Erbil ist nicht nur eine touristische Sehensw\u00fcrdigkeit und von herausragender historischer Bedeutung, sondern wurde 2014 auch zum UNESCO Weltkulturerbe erkl\u00e4rt. Die NASA hat im Jahr 2019 darauf hingewiesen, , dass Erbil der \u00e4lteste durchg\u00e4ngig besiedelte Ort der Welt sein k\u00f6nnte.<\/span><\/p>\t\t\t\t\t\t<\/div>\n\t\t\t\t<\/div>\n\t\t\t\t\t<\/div>\n\t\t<\/div>\n\t\t\t\t\t\t\t<\/div>\n\t\t<\/section>\n\t\t\t\t\t<\/div>\n\t\t<\/div>\n\t\t\t\t\t\t\t<\/div>\n\t\t<\/section>\n\t\t\t\t\t\t\t<\/div>\n\t\t","protected":false},"excerpt":{"rendered":"<p>Historische Orte Die Zitadelle von Erbil Die Zitadelle von Erbil, auch Hewl\u00ear genannt, liegt in S\u00fcd-Kurdistan, ist eine der \u00e4ltesten Zitadellen der Welt und ein wichtiger arch\u00e4ologischer Schatz Kurdistans. Sie liegt inmitten der Altstadt von Erbil, der Hauptstadt der autonomen Region Kurdistan im Irak und ist ca. 25m hoch und ungef\u00e4hr 415 m \u00fc.NN mit [&hellip;]<\/p>\n","protected":false},"author":1,"featured_media":0,"parent":0,"menu_order":0,"comment_status":"closed","ping_status":"closed","template":"","meta":{"_monsterinsights_skip_tracking":false,"_monsterinsights_sitenote_active":false,"_monsterinsights_sitenote_note":"","_monsterinsights_sitenote_category":0,"_uf_show_specific_survey":0,"_uf_disable_surveys":false,"footnotes":""},"aioseo_notices":[],"_links":{"self":[{"href":"https:\/\/roj-union.com\/index.php\/wp-json\/wp\/v2\/pages\/748"}],"collection":[{"href":"https:\/\/roj-union.com\/index.php\/wp-json\/wp\/v2\/pages"}],"about":[{"href":"https:\/\/roj-union.com\/index.php\/wp-json\/wp\/v2\/types\/page"}],"author":[{"embeddable":true,"href":"https:\/\/roj-union.com\/index.php\/wp-json\/wp\/v2\/users\/1"}],"replies":[{"embeddable":true,"href":"https:\/\/roj-union.com\/index.php\/wp-json\/wp\/v2\/comments?post=748"}],"version-history":[{"count":4,"href":"https:\/\/roj-union.com\/index.php\/wp-json\/wp\/v2\/pages\/748\/revisions"}],"predecessor-version":[{"id":758,"href":"https:\/\/roj-union.com\/index.php\/wp-json\/wp\/v2\/pages\/748\/revisions\/758"}],"wp:attachment":[{"href":"https:\/\/roj-union.com\/index.php\/wp-json\/wp\/v2\/media?parent=748"}],"curies":[{"name":"wp","href":"https:\/\/api.w.org\/{rel}","templated":true}]}}