{"id":742,"date":"2023-09-15T13:17:11","date_gmt":"2023-09-15T13:17:11","guid":{"rendered":"https:\/\/roj-union.com\/?page_id=742"},"modified":"2023-09-15T13:28:16","modified_gmt":"2023-09-15T13:28:16","slug":"elementor-742","status":"publish","type":"page","link":"https:\/\/roj-union.com\/index.php\/elementor-742\/","title":{"rendered":"Ain Dara"},"content":{"rendered":"\t\t<div data-elementor-type=\"wp-page\" data-elementor-id=\"742\" class=\"elementor elementor-742\">\n\t\t\t\t\t\t\t\t\t<section class=\"elementor-section elementor-top-section elementor-element elementor-element-7ca8a4f elementor-section-height-min-height elementor-section-full_width elementor-section-height-default elementor-section-items-middle\" data-id=\"7ca8a4f\" data-element_type=\"section\" data-settings=\"{&quot;background_background&quot;:&quot;classic&quot;}\">\n\t\t\t\t\t\t\t<div class=\"elementor-background-overlay\"><\/div>\n\t\t\t\t\t\t\t<div class=\"elementor-container elementor-column-gap-default\">\n\t\t\t\t\t<div class=\"elementor-column elementor-col-100 elementor-top-column elementor-element elementor-element-818a372\" data-id=\"818a372\" data-element_type=\"column\">\n\t\t\t<div class=\"elementor-widget-wrap elementor-element-populated\">\n\t\t\t\t\t\t\t\t<section class=\"elementor-section elementor-inner-section elementor-element elementor-element-977ba8d elementor-section-content-bottom elementor-section-boxed elementor-section-height-default elementor-section-height-default elementor-invisible\" data-id=\"977ba8d\" data-element_type=\"section\" data-settings=\"{&quot;animation&quot;:&quot;fadeInUp&quot;}\">\n\t\t\t\t\t\t<div class=\"elementor-container elementor-column-gap-default\">\n\t\t\t\t\t<div class=\"elementor-column elementor-col-100 elementor-inner-column elementor-element elementor-element-e429c3e\" data-id=\"e429c3e\" data-element_type=\"column\">\n\t\t\t<div class=\"elementor-widget-wrap elementor-element-populated\">\n\t\t\t\t\t\t\t\t<div class=\"elementor-element elementor-element-42b1906 elementor-invisible elementor-widget elementor-widget-heading\" data-id=\"42b1906\" data-element_type=\"widget\" data-settings=\"{&quot;_animation&quot;:&quot;fadeIn&quot;,&quot;_animation_delay&quot;:100}\" data-widget_type=\"heading.default\">\n\t\t\t\t<div class=\"elementor-widget-container\">\n\t\t\t<style>\/*! elementor - v3.18.0 - 08-12-2023 *\/\n.elementor-heading-title{padding:0;margin:0;line-height:1}.elementor-widget-heading .elementor-heading-title[class*=elementor-size-]>a{color:inherit;font-size:inherit;line-height:inherit}.elementor-widget-heading .elementor-heading-title.elementor-size-small{font-size:15px}.elementor-widget-heading .elementor-heading-title.elementor-size-medium{font-size:19px}.elementor-widget-heading .elementor-heading-title.elementor-size-large{font-size:29px}.elementor-widget-heading .elementor-heading-title.elementor-size-xl{font-size:39px}.elementor-widget-heading .elementor-heading-title.elementor-size-xxl{font-size:59px}<\/style><h1 class=\"elementor-heading-title elementor-size-default\">Historische Orte<\/h1>\t\t<\/div>\n\t\t\t\t<\/div>\n\t\t\t\t\t<\/div>\n\t\t<\/div>\n\t\t\t\t\t\t\t<\/div>\n\t\t<\/section>\n\t\t\t\t\t<\/div>\n\t\t<\/div>\n\t\t\t\t\t\t\t<\/div>\n\t\t<\/section>\n\t\t\t\t<section class=\"elementor-section elementor-top-section elementor-element elementor-element-28bc508 elementor-section-stretched elementor-section-boxed elementor-section-height-default elementor-section-height-default\" data-id=\"28bc508\" data-element_type=\"section\" data-settings=\"{&quot;stretch_section&quot;:&quot;section-stretched&quot;,&quot;background_background&quot;:&quot;classic&quot;}\">\n\t\t\t\t\t\t<div class=\"elementor-container elementor-column-gap-default\">\n\t\t\t\t\t<div class=\"elementor-column elementor-col-100 elementor-top-column elementor-element elementor-element-15bf6a6\" data-id=\"15bf6a6\" data-element_type=\"column\">\n\t\t\t<div class=\"elementor-widget-wrap elementor-element-populated\">\n\t\t\t\t\t\t\t\t<div class=\"elementor-element elementor-element-02f44c7 elementor-widget elementor-widget-spacer\" data-id=\"02f44c7\" data-element_type=\"widget\" data-widget_type=\"spacer.default\">\n\t\t\t\t<div class=\"elementor-widget-container\">\n\t\t\t<style>\/*! elementor - v3.18.0 - 08-12-2023 *\/\n.elementor-column .elementor-spacer-inner{height:var(--spacer-size)}.e-con{--container-widget-width:100%}.e-con-inner>.elementor-widget-spacer,.e-con>.elementor-widget-spacer{width:var(--container-widget-width,var(--spacer-size));--align-self:var(--container-widget-align-self,initial);--flex-shrink:0}.e-con-inner>.elementor-widget-spacer>.elementor-widget-container,.e-con>.elementor-widget-spacer>.elementor-widget-container{height:100%;width:100%}.e-con-inner>.elementor-widget-spacer>.elementor-widget-container>.elementor-spacer,.e-con>.elementor-widget-spacer>.elementor-widget-container>.elementor-spacer{height:100%}.e-con-inner>.elementor-widget-spacer>.elementor-widget-container>.elementor-spacer>.elementor-spacer-inner,.e-con>.elementor-widget-spacer>.elementor-widget-container>.elementor-spacer>.elementor-spacer-inner{height:var(--container-widget-height,var(--spacer-size))}.e-con-inner>.elementor-widget-spacer.elementor-widget-empty,.e-con>.elementor-widget-spacer.elementor-widget-empty{position:relative;min-height:22px;min-width:22px}.e-con-inner>.elementor-widget-spacer.elementor-widget-empty .elementor-widget-empty-icon,.e-con>.elementor-widget-spacer.elementor-widget-empty .elementor-widget-empty-icon{position:absolute;top:0;bottom:0;left:0;right:0;margin:auto;padding:0;width:22px;height:22px}<\/style>\t\t<div class=\"elementor-spacer\">\n\t\t\t<div class=\"elementor-spacer-inner\"><\/div>\n\t\t<\/div>\n\t\t\t\t<\/div>\n\t\t\t\t<\/div>\n\t\t\t\t<div class=\"elementor-element elementor-element-735834c animated-fast elementor-invisible elementor-widget elementor-widget-heading\" data-id=\"735834c\" data-element_type=\"widget\" data-settings=\"{&quot;_animation&quot;:&quot;slideInUp&quot;}\" data-widget_type=\"heading.default\">\n\t\t\t\t<div class=\"elementor-widget-container\">\n\t\t\t<h3 class=\"elementor-heading-title elementor-size-default\">Ain Dara<\/h3>\t\t<\/div>\n\t\t\t\t<\/div>\n\t\t\t\t<div class=\"elementor-element elementor-element-161928c elementor-widget elementor-widget-text-editor\" data-id=\"161928c\" data-element_type=\"widget\" data-widget_type=\"text-editor.default\">\n\t\t\t\t<div class=\"elementor-widget-container\">\n\t\t\t<style>\/*! elementor - v3.18.0 - 08-12-2023 *\/\n.elementor-widget-text-editor.elementor-drop-cap-view-stacked .elementor-drop-cap{background-color:#69727d;color:#fff}.elementor-widget-text-editor.elementor-drop-cap-view-framed .elementor-drop-cap{color:#69727d;border:3px solid;background-color:transparent}.elementor-widget-text-editor:not(.elementor-drop-cap-view-default) .elementor-drop-cap{margin-top:8px}.elementor-widget-text-editor:not(.elementor-drop-cap-view-default) .elementor-drop-cap-letter{width:1em;height:1em}.elementor-widget-text-editor .elementor-drop-cap{float:left;text-align:center;line-height:1;font-size:50px}.elementor-widget-text-editor .elementor-drop-cap-letter{display:inline-block}<\/style>\t\t\t\t\t\t\t\t\t\t<\/div>\n\t\t\t\t<\/div>\n\t\t\t\t\t<\/div>\n\t\t<\/div>\n\t\t\t\t\t\t\t<\/div>\n\t\t<\/section>\n\t\t\t\t<section class=\"elementor-section elementor-top-section elementor-element elementor-element-f88ff01 elementor-section-boxed elementor-section-height-default elementor-section-height-default\" data-id=\"f88ff01\" data-element_type=\"section\" data-settings=\"{&quot;background_background&quot;:&quot;classic&quot;}\">\n\t\t\t\t\t\t<div class=\"elementor-container elementor-column-gap-default\">\n\t\t\t\t\t<div class=\"elementor-column elementor-col-100 elementor-top-column elementor-element elementor-element-4cc1723\" data-id=\"4cc1723\" data-element_type=\"column\">\n\t\t\t<div class=\"elementor-widget-wrap elementor-element-populated\">\n\t\t\t\t\t\t\t\t<section class=\"elementor-section elementor-inner-section elementor-element elementor-element-d56114c elementor-section-boxed elementor-section-height-default elementor-section-height-default\" data-id=\"d56114c\" data-element_type=\"section\">\n\t\t\t\t\t\t<div class=\"elementor-container elementor-column-gap-default\">\n\t\t\t\t\t<div class=\"elementor-column elementor-col-50 elementor-inner-column elementor-element elementor-element-5568599\" data-id=\"5568599\" data-element_type=\"column\">\n\t\t\t<div class=\"elementor-widget-wrap elementor-element-populated\">\n\t\t\t\t\t\t\t\t<div class=\"elementor-element elementor-element-5251aba elementor-widget elementor-widget-text-editor\" data-id=\"5251aba\" data-element_type=\"widget\" data-widget_type=\"text-editor.default\">\n\t\t\t\t<div class=\"elementor-widget-container\">\n\t\t\t\t\t\t\t<p>\u00a0<\/p><p>Standort des arch\u00e4ologischen Dorfes (Ain-Dara) in Afrin Ain-Dara ist ein kleines Dorf im Nordwesten Syriens in der fruchtbaren Talebene des Afrin. Es wird von drei Seiten umgeben und grenzt im Westen an den Fluss Afrin. Das arch\u00e4ologische Dorf besteht aus Denkm\u00e4lern, einem Tempel mit verschiedenen Statuen sowie vielen Inschriften und Reliquien. Au\u00dferdem ist ein Basaltgem\u00e4lde aufzufinden, welches die G\u00f6ttin Ishtar darstellen soll. Ain-Dara wird in zwei Teile geteilt. Der erste Teil befindet sich im S\u00fcden, eine kleine Landh\u00f6he von etwa 1000 Quadratmetern. Es ist ein landwirtschaftliches Dorf aus der Jungsteinzeit, das vor zehntausend Jahren von Menschen bewohnt wurde. In diesem Teilgebiet gab es keine umfangreichen Ausgrabungen, sondern nur einige, in denen Feuersteinwerkzeuge aus der Jungsteinzeit entdeckt worden sind. Das zweite Teilgebiet liegt im Norden. Es beansprucht entgegen dem ersten Teilgebiet eine gro\u00dfe Fl\u00e4che von 4600 Quadratmetern und enth\u00e4lt ausschlie\u00dflich flache Grundst\u00fccke. Am Ende des zweiten Jahrtausends v. Chr. war dieses Teilgebiet von Verteidigungsmauern und T\u00fcrmen umgeben und umfasste den bekannten H\u00fcgel von Ain-Dara mit einer Fl\u00e4che von 7.500 Quadratmetern. Dieses Gebiet wird durch den ber\u00fchmten arch\u00e4ologischen Tempel ausgezeichnet. Der Tempel von Ain-Dara stammt aus der Zeit um 1300 v. Chr. und sein Bau gilt als einer der bedeutendsten und ikonischen Tempel dieser Epoche. Der Tempel wurde im Jahr 1954 entdeckt, als ein Hirte auf einen Basaltl\u00f6wen, der sich auf dem H\u00fcgel befand, aufmerksam wurde. Der Tempel hat einen aus Kalk- und Basaltstein gepflasterten Innenhof, in dem sich zus\u00e4tzlich ein Brunnen mit Becken befindet. Zwischen dem Hof und dem Eingang ist eine 70 Meter lange Treppe, die zum Tempel f\u00fchrt. Zwei gro\u00dfe L\u00f6wen auf beiden Seiten schm\u00fccken den Eingang. Forscher best\u00e4tigen, dass dieser arch\u00e4ologische Ort auf die Anf\u00e4nge der hethitischen und hurritischen Zivilisation zur\u00fcckf\u00fchrt. Der Tempel zeigt den Stil der Hurri-Mittani auf. Diese Form der Konstruktion herrschte zwischen den Jahren 1200-700 v. Chr.. Au\u00dferdem bewiesen die Ausgrabungen von Ain-Dara die enge kulturelle Verbindung zwischen der westlichen Region Kurdistan<\/p><p>\u00a0<\/p>\t\t\t\t\t\t<\/div>\n\t\t\t\t<\/div>\n\t\t\t\t\t<\/div>\n\t\t<\/div>\n\t\t\t\t<div class=\"elementor-column elementor-col-50 elementor-inner-column elementor-element elementor-element-78bcbcf\" data-id=\"78bcbcf\" data-element_type=\"column\">\n\t\t\t<div class=\"elementor-widget-wrap elementor-element-populated\">\n\t\t\t\t\t\t\t\t<div class=\"elementor-element elementor-element-4c59f2c elementor-widget elementor-widget-text-editor\" data-id=\"4c59f2c\" data-element_type=\"widget\" data-widget_type=\"text-editor.default\">\n\t\t\t\t<div class=\"elementor-widget-container\">\n\t\t\t\t\t\t\t<p style=\"text-align: left;\">\u00a0<\/p><p style=\"text-align: left;\"><span style=\"font-size: 14px;\">(Kurdistan, Syrien) und den Heithitern, da Bruchteile von Hieroglyphen der Hethiter gefunden wurden. Die Geschichte der menschlichen Existenz im n\u00f6rdlichen Teil des Ain-Dara f\u00fchrt bis ins vierte Jahrhundert v. Chr. zur\u00fcck und dauerte mit Unterbrechungen bis in die osmanische Zeit. Durch arch\u00e4ologische Ausgrabungen wurden Gr\u00e4ber, Gl\u00e4ser, Siegel, Geschirr und die Fundamente von H\u00e4usern neben dem Tempel gefunden. Die antike Region Ain-Dara erlebte verschiedene Epochen der Geschichte wie die der hurri-mittanischen und der hethitischen Zivilisation sowie die Achaemeniden Periode 530-330 v. Chr.. Auch aus der griechisch-seleukiden Periode von 330-80 v. Chr. wurde griechische Keramik und eine gro\u00dfe Menge Silber gefunden. Au\u00dferde, wurden aus der byzantinischen Zeit 969 v. Chr. Bronzekreuze gefunden. Einer der wichtigsten arch\u00e4ologischen Funde sind Goldm\u00fcnzen aus verbrannten H\u00e4usern, die den byzantinischen Zaren geh\u00f6rten. Nach dem Niedergang der byzantinischen Herrschaft der T\u00fcrken und der islamischen Eroberungen in Nordsyrien und Zentralanatolien im Jahr 1086 wurde das historische Dorf Ain-Dara niedergebrannt und zerst\u00f6rt. Der Tempel von Ain-Dara, der wahrscheinlich der Verehrung der G\u00f6ttin Ishtar und des Gebirgsgottes gewidmet wurde, ist das wichtigste Glied in der Reihe der Tempel Kurdistans und des Nahen Ostens vom dritten Jahrtausend v. Chr. bis zum ersten und zweiten Jahrhundert nach Christus. Ende Januar 2018 wurde der Tempel durch Flugzeuge der t\u00fcrkischen Luftwaffe w\u00e4hrend des Angriffs in Afrin besch\u00e4digt. Auch die Zivilisten und arch\u00e4ologische St\u00e4tten wurden w\u00e4hrend des Angriffs unter Beschuss genommen. Laut Berichten wurden mindestens 60 Prozent des Tempels infolge der t\u00fcrkischen Aggression zerst\u00f6rt und in Schutt und Asche gelegt. Die Luftangriffe wurden erstmals von einem Bewohner am 23. Januar 2018 gemeldet. Anschlie\u00dfend ver\u00f6ffentlichte das syrische Ministerium f\u00fcr Kultur und Antiquit\u00e4ten eine Erkl\u00e4rung, in der der Diebstahl von Antiquit\u00e4ten aus arch\u00e4ologischen St\u00e4tten in der T\u00fcrkei verurteilt wurde.\u00a0<\/span><\/p>\t\t\t\t\t\t<\/div>\n\t\t\t\t<\/div>\n\t\t\t\t\t<\/div>\n\t\t<\/div>\n\t\t\t\t\t\t\t<\/div>\n\t\t<\/section>\n\t\t\t\t\t<\/div>\n\t\t<\/div>\n\t\t\t\t\t\t\t<\/div>\n\t\t<\/section>\n\t\t\t\t\t\t\t<\/div>\n\t\t","protected":false},"excerpt":{"rendered":"<p>Historische Orte Ain Dara Standort des arch\u00e4ologischen Dorfes (Ain-Dara) in Afrin Ain-Dara ist ein kleines Dorf im Nordwesten Syriens in der fruchtbaren Talebene des Afrin. Es wird von drei Seiten umgeben und grenzt im Westen an den Fluss Afrin. Das arch\u00e4ologische Dorf besteht aus Denkm\u00e4lern, einem Tempel mit verschiedenen Statuen sowie vielen Inschriften und Reliquien. [&hellip;]<\/p>\n","protected":false},"author":1,"featured_media":0,"parent":0,"menu_order":0,"comment_status":"closed","ping_status":"closed","template":"","meta":{"_monsterinsights_skip_tracking":false,"_monsterinsights_sitenote_active":false,"_monsterinsights_sitenote_note":"","_monsterinsights_sitenote_category":0,"_uf_show_specific_survey":0,"_uf_disable_surveys":false,"footnotes":""},"aioseo_notices":[],"_links":{"self":[{"href":"https:\/\/roj-union.com\/index.php\/wp-json\/wp\/v2\/pages\/742"}],"collection":[{"href":"https:\/\/roj-union.com\/index.php\/wp-json\/wp\/v2\/pages"}],"about":[{"href":"https:\/\/roj-union.com\/index.php\/wp-json\/wp\/v2\/types\/page"}],"author":[{"embeddable":true,"href":"https:\/\/roj-union.com\/index.php\/wp-json\/wp\/v2\/users\/1"}],"replies":[{"embeddable":true,"href":"https:\/\/roj-union.com\/index.php\/wp-json\/wp\/v2\/comments?post=742"}],"version-history":[{"count":8,"href":"https:\/\/roj-union.com\/index.php\/wp-json\/wp\/v2\/pages\/742\/revisions"}],"predecessor-version":[{"id":757,"href":"https:\/\/roj-union.com\/index.php\/wp-json\/wp\/v2\/pages\/742\/revisions\/757"}],"wp:attachment":[{"href":"https:\/\/roj-union.com\/index.php\/wp-json\/wp\/v2\/media?parent=742"}],"curies":[{"name":"wp","href":"https:\/\/api.w.org\/{rel}","templated":true}]}}