{"id":514,"date":"2023-05-07T19:54:21","date_gmt":"2023-05-07T19:54:21","guid":{"rendered":"https:\/\/roj-union.com\/?page_id=514"},"modified":"2023-05-07T21:06:53","modified_gmt":"2023-05-07T21:06:53","slug":"qamishlo","status":"publish","type":"page","link":"https:\/\/roj-union.com\/index.php\/qamishlo\/","title":{"rendered":"Qamishlo"},"content":{"rendered":"\t\t<div data-elementor-type=\"wp-page\" data-elementor-id=\"514\" class=\"elementor elementor-514\">\n\t\t\t\t\t\t\t\t\t<section class=\"elementor-section elementor-top-section elementor-element elementor-element-f03c12c elementor-section-height-min-height elementor-section-boxed elementor-section-height-default elementor-section-items-middle\" data-id=\"f03c12c\" data-element_type=\"section\">\n\t\t\t\t\t\t\t<div class=\"elementor-background-overlay\"><\/div>\n\t\t\t\t\t\t\t<div class=\"elementor-container elementor-column-gap-default\">\n\t\t\t\t\t<div class=\"elementor-column elementor-col-100 elementor-top-column elementor-element elementor-element-5a478d1\" data-id=\"5a478d1\" data-element_type=\"column\" data-settings=\"{&quot;background_background&quot;:&quot;classic&quot;}\">\n\t\t\t<div class=\"elementor-widget-wrap elementor-element-populated\">\n\t\t\t\t\t\t\t\t<div class=\"elementor-element elementor-element-4fe6d5c elementor-invisible elementor-widget elementor-widget-heading\" data-id=\"4fe6d5c\" data-element_type=\"widget\" data-settings=\"{&quot;_animation&quot;:&quot;fadeIn&quot;}\" data-widget_type=\"heading.default\">\n\t\t\t\t<div class=\"elementor-widget-container\">\n\t\t\t<style>\/*! elementor - v3.18.0 - 08-12-2023 *\/\n.elementor-heading-title{padding:0;margin:0;line-height:1}.elementor-widget-heading .elementor-heading-title[class*=elementor-size-]>a{color:inherit;font-size:inherit;line-height:inherit}.elementor-widget-heading .elementor-heading-title.elementor-size-small{font-size:15px}.elementor-widget-heading .elementor-heading-title.elementor-size-medium{font-size:19px}.elementor-widget-heading .elementor-heading-title.elementor-size-large{font-size:29px}.elementor-widget-heading .elementor-heading-title.elementor-size-xl{font-size:39px}.elementor-widget-heading .elementor-heading-title.elementor-size-xxl{font-size:59px}<\/style><h1 class=\"elementor-heading-title elementor-size-default\">St\u00e4dte<\/h1>\t\t<\/div>\n\t\t\t\t<\/div>\n\t\t\t\t\t<\/div>\n\t\t<\/div>\n\t\t\t\t\t\t\t<\/div>\n\t\t<\/section>\n\t\t\t\t<section class=\"elementor-section elementor-top-section elementor-element elementor-element-8b27a7d elementor-section-stretched elementor-section-boxed elementor-section-height-default elementor-section-height-default\" data-id=\"8b27a7d\" data-element_type=\"section\" data-settings=\"{&quot;stretch_section&quot;:&quot;section-stretched&quot;,&quot;background_background&quot;:&quot;classic&quot;}\">\n\t\t\t\t\t\t<div class=\"elementor-container elementor-column-gap-default\">\n\t\t\t\t\t<div class=\"elementor-column elementor-col-100 elementor-top-column elementor-element elementor-element-0dc57b5\" data-id=\"0dc57b5\" data-element_type=\"column\">\n\t\t\t<div class=\"elementor-widget-wrap elementor-element-populated\">\n\t\t\t\t\t\t\t\t<div class=\"elementor-element elementor-element-6b0f01d elementor-widget elementor-widget-spacer\" data-id=\"6b0f01d\" data-element_type=\"widget\" data-widget_type=\"spacer.default\">\n\t\t\t\t<div class=\"elementor-widget-container\">\n\t\t\t<style>\/*! elementor - v3.18.0 - 08-12-2023 *\/\n.elementor-column .elementor-spacer-inner{height:var(--spacer-size)}.e-con{--container-widget-width:100%}.e-con-inner>.elementor-widget-spacer,.e-con>.elementor-widget-spacer{width:var(--container-widget-width,var(--spacer-size));--align-self:var(--container-widget-align-self,initial);--flex-shrink:0}.e-con-inner>.elementor-widget-spacer>.elementor-widget-container,.e-con>.elementor-widget-spacer>.elementor-widget-container{height:100%;width:100%}.e-con-inner>.elementor-widget-spacer>.elementor-widget-container>.elementor-spacer,.e-con>.elementor-widget-spacer>.elementor-widget-container>.elementor-spacer{height:100%}.e-con-inner>.elementor-widget-spacer>.elementor-widget-container>.elementor-spacer>.elementor-spacer-inner,.e-con>.elementor-widget-spacer>.elementor-widget-container>.elementor-spacer>.elementor-spacer-inner{height:var(--container-widget-height,var(--spacer-size))}.e-con-inner>.elementor-widget-spacer.elementor-widget-empty,.e-con>.elementor-widget-spacer.elementor-widget-empty{position:relative;min-height:22px;min-width:22px}.e-con-inner>.elementor-widget-spacer.elementor-widget-empty .elementor-widget-empty-icon,.e-con>.elementor-widget-spacer.elementor-widget-empty .elementor-widget-empty-icon{position:absolute;top:0;bottom:0;left:0;right:0;margin:auto;padding:0;width:22px;height:22px}<\/style>\t\t<div class=\"elementor-spacer\">\n\t\t\t<div class=\"elementor-spacer-inner\"><\/div>\n\t\t<\/div>\n\t\t\t\t<\/div>\n\t\t\t\t<\/div>\n\t\t\t\t<div class=\"elementor-element elementor-element-096284d animated-fast elementor-invisible elementor-widget elementor-widget-heading\" data-id=\"096284d\" data-element_type=\"widget\" data-settings=\"{&quot;_animation&quot;:&quot;slideInUp&quot;}\" data-widget_type=\"heading.default\">\n\t\t\t\t<div class=\"elementor-widget-container\">\n\t\t\t<h3 class=\"elementor-heading-title elementor-size-default\">Qamishlo<\/h3>\t\t<\/div>\n\t\t\t\t<\/div>\n\t\t\t\t<div class=\"elementor-element elementor-element-b06fbba elementor-widget elementor-widget-text-editor\" data-id=\"b06fbba\" data-element_type=\"widget\" data-widget_type=\"text-editor.default\">\n\t\t\t\t<div class=\"elementor-widget-container\">\n\t\t\t<style>\/*! elementor - v3.18.0 - 08-12-2023 *\/\n.elementor-widget-text-editor.elementor-drop-cap-view-stacked .elementor-drop-cap{background-color:#69727d;color:#fff}.elementor-widget-text-editor.elementor-drop-cap-view-framed .elementor-drop-cap{color:#69727d;border:3px solid;background-color:transparent}.elementor-widget-text-editor:not(.elementor-drop-cap-view-default) .elementor-drop-cap{margin-top:8px}.elementor-widget-text-editor:not(.elementor-drop-cap-view-default) .elementor-drop-cap-letter{width:1em;height:1em}.elementor-widget-text-editor .elementor-drop-cap{float:left;text-align:center;line-height:1;font-size:50px}.elementor-widget-text-editor .elementor-drop-cap-letter{display:inline-block}<\/style>\t\t\t\t\t\t\t\t\t\t<\/div>\n\t\t\t\t<\/div>\n\t\t\t\t\t<\/div>\n\t\t<\/div>\n\t\t\t\t\t\t\t<\/div>\n\t\t<\/section>\n\t\t\t\t<section class=\"elementor-section elementor-top-section elementor-element elementor-element-fea75f8 elementor-section-boxed elementor-section-height-default elementor-section-height-default\" data-id=\"fea75f8\" data-element_type=\"section\" data-settings=\"{&quot;background_background&quot;:&quot;classic&quot;}\">\n\t\t\t\t\t\t<div class=\"elementor-container elementor-column-gap-default\">\n\t\t\t\t\t<div class=\"elementor-column elementor-col-100 elementor-top-column elementor-element elementor-element-1d6d1ad\" data-id=\"1d6d1ad\" data-element_type=\"column\">\n\t\t\t<div class=\"elementor-widget-wrap elementor-element-populated\">\n\t\t\t\t\t\t\t\t<section class=\"elementor-section elementor-inner-section elementor-element elementor-element-195abff elementor-section-boxed elementor-section-height-default elementor-section-height-default\" data-id=\"195abff\" data-element_type=\"section\">\n\t\t\t\t\t\t<div class=\"elementor-container elementor-column-gap-default\">\n\t\t\t\t\t<div class=\"elementor-column elementor-col-50 elementor-inner-column elementor-element elementor-element-0e56e81\" data-id=\"0e56e81\" data-element_type=\"column\">\n\t\t\t<div class=\"elementor-widget-wrap elementor-element-populated\">\n\t\t\t\t\t\t\t\t<div class=\"elementor-element elementor-element-1a429c1 elementor-widget elementor-widget-text-editor\" data-id=\"1a429c1\" data-element_type=\"widget\" data-widget_type=\"text-editor.default\">\n\t\t\t\t<div class=\"elementor-widget-container\">\n\t\t\t\t\t\t\t<p>Der Name der Stadt bedeutet auf kurdisch \u201edas Land der vielen Schilfe\u201c, aufgrund des gro\u00dfen Schilfanbaus entlang den Ufern des Tigris, der in der T\u00fcrkei entspringt und s\u00fcdlich bis zur Grenze Syriens bei Qamishlo verl\u00e4uft. Die Stadt liegt im S\u00fcdwesten Kurdistans. W\u00e4hrend des ersten Weltkriegs und durch das Sykes-PicotAbkommen wurde sie von Syrien annektiert. Mittlerweile geh\u00f6rt Qamishlo der Provinz Hasaka, im \u00e4u\u00dfersten Nordosten Syriens, an der Grenze zur T\u00fcrkei an. Sie liegt gegen\u00fcber der kurdischen Stadt Nusaybin, auf der t\u00fcrkischen Seite. Qamishlo besteht aus vier Bezirken: Dem Stadtzentrum und den Bezirken Amude, Terbe,Sebie und Tal Hamis. Dazu kommen 122 D\u00f6rfer, die administrativ der Stadt Qamishlo angeh\u00f6ren. Die Mehrheit der Einwohner*innen der Stadt sind Kurd*innen. Des weiteren leben hier Minderheiten wie Araber*innen, Assyrer*inne und Armenier*innen. Die Stadt ist gepr\u00e4gt von der religi\u00f6sen Vielfalt der Muslim*innen und Christ*innen. F\u00fcr die j\u00fcdischen Kurd*innen war Qamishlo eines der drei wichtigsten Zentren in Syrien, nach Damaskus und Aleppo. Aber sie verlie\u00dfen die Stadt und wanderten zwischen 1947 und 1970 nach Israel aus. Die Stadt wurde 1926 von den Franosen modernisiert und Ende 1927 wurde Qamishlo eine moderne Stadt. Einen Flughafen besitzt Qamishlo auch. Er wurde ebenfalls von den Franzosen geplant und gebaut und wurde sp\u00e4ter zu einem internationalen Flughafen. Die arch\u00e4ologische Forschung und Ausgrabung in Qamishlo begann zwischen 1937 und 1939 und wurde von amerikanischen und deutschen Delegationen geleitet. Hierbei wurden sechs unterschiedliche, \u00fcbereinanderliegende Zivilisationsebenen entdeckt. Qamishlo liegt in der N\u00e4he der historischen, aus der hurritischen Zivilisation stammenden Stadt Urkesch, die im vierten Jahrtausend v.u.Z. florierte. Urkesch war bekannt f\u00fcr starken Regen und h\u00e4ufige Niederschl\u00e4ge, die es geeignet f\u00fcr die Ans\u00e4ssigkeit und Agrikultur machten. Urkesch war umgeben von dichten W\u00e4ldern. Dieses Merkmal veranlasste die Menschen schon seit der sogenannten Tell Halaf-Zivilisation (6000 v.u.Z.), sich dort niederzulassen. Neben dem Reichtum an landwirtschaftlichen Produkten war die strategische Lage der Stadt einer der Hauptgr\u00fcnde f\u00fcr ihr Wachstum und ihren wirtschaftlichen Aufschwung. Eines der wichtigsten Ereignisse in der Geschichte der Stadt war die Durchf\u00fchrung einer au\u00dfergew\u00f6hnlichen und willk\u00fcrlichen\u00a0<span style=\"font-size: 14px;\">Volksz\u00e4hlung durch die syrische Regierung in Qamischlo und den umliegenden kurdischen St\u00e4dten in der Provinz Hasaka im Jahr 1962. Diese willk\u00fcrliche Volksz\u00e4hlung war die erste diskriminierende Ma\u00dfnahme gegen die Kurd*innen in Syrien, da mehr als siebzigtausend Kurd*innen ihrer syrischen Staatsangeh\u00f6rigkeit beraubt wurden. Diese Zahl verdoppelte sich im Laufe der Zeit und erreichte Anfang 2011 rund 400.000.\u00a0<\/span><\/p>\t\t\t\t\t\t<\/div>\n\t\t\t\t<\/div>\n\t\t\t\t\t<\/div>\n\t\t<\/div>\n\t\t\t\t<div class=\"elementor-column elementor-col-50 elementor-inner-column elementor-element elementor-element-262c626\" data-id=\"262c626\" data-element_type=\"column\">\n\t\t\t<div class=\"elementor-widget-wrap elementor-element-populated\">\n\t\t\t\t\t\t\t\t<div class=\"elementor-element elementor-element-34d0201 elementor-widget elementor-widget-text-editor\" data-id=\"34d0201\" data-element_type=\"widget\" data-widget_type=\"text-editor.default\">\n\t\t\t\t<div class=\"elementor-widget-container\">\n\t\t\t\t\t\t\t<p style=\"text-align: left;\">Die Volksz\u00e4hlung f\u00fchrte dazu, dass den Kurd*innen alle B\u00fcrger*innenrechte entzogen wurden, wie z. B. Eigentum, Reisen, offizielle Besch\u00e4ftigung, Hochschulbildung, die Best\u00e4tigung von Ehen und Geburten in den staatlichen Aufzeichnungen und die Verweigerung des Rechts von Krediten zu profitieren, die von Banken gew\u00e4hrt wurden. Diese willk\u00fcrliche Z\u00e4hlung der Bev\u00f6lkerung diente einer demografischen und ethnischen Ver\u00e4nderung der Region, sowie der Negierung und allm\u00e4hlichen Ausl\u00f6schung der kurdischen Identit\u00e4t, indem sie die kurdischen Namen der St\u00e4dte und D\u00f6rfer durch arabische ersetzt haben, arabische St\u00e4mme in der Region angesiedelt und daf\u00fcr kurdische vertrieben haben. Zus\u00e4tzlich wurden die Grundst\u00fccke und Habseligkeiten der vertriebenen kurdischen Anwohner*innen an die neu Angesiedelten verteilt. Die Situation verblieb gleich bis ins Jahr 2011, dem Beginn der syrischen Krise. Infolgedessen verabschiedete die syrische Regierung 2011 zur Beruhigung der Massenproteste ein neues Gesetz, in dessen Rahmen die syrische Staatsb\u00fcrgerschaft den benachteiligten Kurd*innen wieder verliehen werden sollte. Auch der Qamishlo-Aufstand im Jahr 2004 ist ein gravierendes Geschehnis in der Geschichte der Stadt. Bei einem Fu\u00dfballspiel in Qamishlo im M\u00e4rz 2004 kam es aufgrund provokanter Aktionen vom Publikum, darunter mehrere verschiedene arabische St\u00e4mme, zu Tumulten und gewaltsamen Auseinandersetzungen zwischen Kurd*innen und arabischst\u00e4mmigen Teilnehmer*innen im Publikum. Es wurden verletzende, rassistische Beleidigungen gegen das kurdische Volk laut ausgesprochen. Aber die anwesenden Polizeikr\u00e4fte handelten eindeutig zugunsten der arabischen St\u00e4mme und haben kaltbl\u00fctig die Kurd*innen im Stadion erschossen, weggekn\u00fcppelt, festgenommen und anschlie\u00dfend r\u00fccksichtslos in Gef\u00e4ngnissen gefoltert. Infolgedessen brach der Qamishlo-Aufstand aus und breitete sich auf die \u00fcbrigen kurdischen St\u00e4dte in Syrien wie Afrin und Kobani aus. Die syrische Regierung setzte Gewalt ein, um den Aufstand zu beenden, der 40 kurdische Opfer, Hunderte von Verletzten und fast 2000 Gefangene zur Folge hatte. Die Bev\u00f6lkerung der Stadt und ihrer Umgebung betreiben heute haupts\u00e4chlich landwirtschaftliche Betriebe. Die wichtigsten landwirtschaftlichen Produkte der Region sind Weizen, Linsen und Gerste. Qamishlo spielt eine pionierende Rolle der Produktion in Syrien in Bezug auf Qualit\u00e4t und Quantit\u00e4t. Einer der ausschlaggebenden Aspekte, die diese Stadt extrem bedeutsam und \u00e4u\u00dferst relevant macht, sind ihre Bodensch\u00e4tze: \u00d6l und Gas. Angesichts ihres Verm\u00f6gens an \u00d6l, Landwirtschaft und Viehzucht gilt Qamishlo trotz ihrer vergleichsm\u00e4\u00dfig geringen Fl\u00e4che als eine der wichtigsten St\u00e4dte Syriens.<\/p>\t\t\t\t\t\t<\/div>\n\t\t\t\t<\/div>\n\t\t\t\t\t<\/div>\n\t\t<\/div>\n\t\t\t\t\t\t\t<\/div>\n\t\t<\/section>\n\t\t\t\t\t<\/div>\n\t\t<\/div>\n\t\t\t\t\t\t\t<\/div>\n\t\t<\/section>\n\t\t\t\t\t\t\t<\/div>\n\t\t","protected":false},"excerpt":{"rendered":"<p>St\u00e4dte Qamishlo Der Name der Stadt bedeutet auf kurdisch \u201edas Land der vielen Schilfe\u201c, aufgrund des gro\u00dfen Schilfanbaus entlang den Ufern des Tigris, der in der T\u00fcrkei entspringt und s\u00fcdlich bis zur Grenze Syriens bei Qamishlo verl\u00e4uft. Die Stadt liegt im S\u00fcdwesten Kurdistans. W\u00e4hrend des ersten Weltkriegs und durch das Sykes-PicotAbkommen wurde sie von Syrien [&hellip;]<\/p>\n","protected":false},"author":1,"featured_media":0,"parent":0,"menu_order":0,"comment_status":"closed","ping_status":"closed","template":"","meta":{"_monsterinsights_skip_tracking":false,"_monsterinsights_sitenote_active":false,"_monsterinsights_sitenote_note":"","_monsterinsights_sitenote_category":0,"_uf_show_specific_survey":0,"_uf_disable_surveys":false,"footnotes":""},"aioseo_notices":[],"_links":{"self":[{"href":"https:\/\/roj-union.com\/index.php\/wp-json\/wp\/v2\/pages\/514"}],"collection":[{"href":"https:\/\/roj-union.com\/index.php\/wp-json\/wp\/v2\/pages"}],"about":[{"href":"https:\/\/roj-union.com\/index.php\/wp-json\/wp\/v2\/types\/page"}],"author":[{"embeddable":true,"href":"https:\/\/roj-union.com\/index.php\/wp-json\/wp\/v2\/users\/1"}],"replies":[{"embeddable":true,"href":"https:\/\/roj-union.com\/index.php\/wp-json\/wp\/v2\/comments?post=514"}],"version-history":[{"count":12,"href":"https:\/\/roj-union.com\/index.php\/wp-json\/wp\/v2\/pages\/514\/revisions"}],"predecessor-version":[{"id":593,"href":"https:\/\/roj-union.com\/index.php\/wp-json\/wp\/v2\/pages\/514\/revisions\/593"}],"wp:attachment":[{"href":"https:\/\/roj-union.com\/index.php\/wp-json\/wp\/v2\/media?parent=514"}],"curies":[{"name":"wp","href":"https:\/\/api.w.org\/{rel}","templated":true}]}}