{"id":497,"date":"2023-05-07T19:30:09","date_gmt":"2023-05-07T19:30:09","guid":{"rendered":"https:\/\/roj-union.com\/?page_id=497"},"modified":"2023-05-07T21:06:56","modified_gmt":"2023-05-07T21:06:56","slug":"newroz","status":"publish","type":"page","link":"https:\/\/roj-union.com\/index.php\/newroz\/","title":{"rendered":"Newroz"},"content":{"rendered":"\t\t<div data-elementor-type=\"wp-page\" data-elementor-id=\"497\" class=\"elementor elementor-497\">\n\t\t\t\t\t\t\t\t\t<section class=\"elementor-section elementor-top-section elementor-element elementor-element-9351770 elementor-section-height-min-height elementor-section-boxed elementor-section-height-default elementor-section-items-middle\" data-id=\"9351770\" data-element_type=\"section\">\n\t\t\t\t\t\t\t<div class=\"elementor-background-overlay\"><\/div>\n\t\t\t\t\t\t\t<div class=\"elementor-container elementor-column-gap-default\">\n\t\t\t\t\t<div class=\"elementor-column elementor-col-100 elementor-top-column elementor-element elementor-element-e79dd59\" data-id=\"e79dd59\" data-element_type=\"column\" data-settings=\"{&quot;background_background&quot;:&quot;classic&quot;}\">\n\t\t\t<div class=\"elementor-widget-wrap elementor-element-populated\">\n\t\t\t\t\t\t\t\t<div class=\"elementor-element elementor-element-21bf88a elementor-invisible elementor-widget elementor-widget-heading\" data-id=\"21bf88a\" data-element_type=\"widget\" data-settings=\"{&quot;_animation&quot;:&quot;fadeIn&quot;}\" data-widget_type=\"heading.default\">\n\t\t\t\t<div class=\"elementor-widget-container\">\n\t\t\t<style>\/*! elementor - v3.18.0 - 08-12-2023 *\/\n.elementor-heading-title{padding:0;margin:0;line-height:1}.elementor-widget-heading .elementor-heading-title[class*=elementor-size-]>a{color:inherit;font-size:inherit;line-height:inherit}.elementor-widget-heading .elementor-heading-title.elementor-size-small{font-size:15px}.elementor-widget-heading .elementor-heading-title.elementor-size-medium{font-size:19px}.elementor-widget-heading .elementor-heading-title.elementor-size-large{font-size:29px}.elementor-widget-heading .elementor-heading-title.elementor-size-xl{font-size:39px}.elementor-widget-heading .elementor-heading-title.elementor-size-xxl{font-size:59px}<\/style><h1 class=\"elementor-heading-title elementor-size-default\">Kultur<\/h1>\t\t<\/div>\n\t\t\t\t<\/div>\n\t\t\t\t\t<\/div>\n\t\t<\/div>\n\t\t\t\t\t\t\t<\/div>\n\t\t<\/section>\n\t\t\t\t<section class=\"elementor-section elementor-top-section elementor-element elementor-element-5514c10 elementor-section-stretched elementor-section-boxed elementor-section-height-default elementor-section-height-default\" data-id=\"5514c10\" data-element_type=\"section\" data-settings=\"{&quot;stretch_section&quot;:&quot;section-stretched&quot;,&quot;background_background&quot;:&quot;classic&quot;}\">\n\t\t\t\t\t\t<div class=\"elementor-container elementor-column-gap-default\">\n\t\t\t\t\t<div class=\"elementor-column elementor-col-100 elementor-top-column elementor-element elementor-element-d2198ee\" data-id=\"d2198ee\" data-element_type=\"column\">\n\t\t\t<div class=\"elementor-widget-wrap elementor-element-populated\">\n\t\t\t\t\t\t\t\t<div class=\"elementor-element elementor-element-f64a54e elementor-widget elementor-widget-spacer\" data-id=\"f64a54e\" data-element_type=\"widget\" data-widget_type=\"spacer.default\">\n\t\t\t\t<div class=\"elementor-widget-container\">\n\t\t\t<style>\/*! elementor - v3.18.0 - 08-12-2023 *\/\n.elementor-column .elementor-spacer-inner{height:var(--spacer-size)}.e-con{--container-widget-width:100%}.e-con-inner>.elementor-widget-spacer,.e-con>.elementor-widget-spacer{width:var(--container-widget-width,var(--spacer-size));--align-self:var(--container-widget-align-self,initial);--flex-shrink:0}.e-con-inner>.elementor-widget-spacer>.elementor-widget-container,.e-con>.elementor-widget-spacer>.elementor-widget-container{height:100%;width:100%}.e-con-inner>.elementor-widget-spacer>.elementor-widget-container>.elementor-spacer,.e-con>.elementor-widget-spacer>.elementor-widget-container>.elementor-spacer{height:100%}.e-con-inner>.elementor-widget-spacer>.elementor-widget-container>.elementor-spacer>.elementor-spacer-inner,.e-con>.elementor-widget-spacer>.elementor-widget-container>.elementor-spacer>.elementor-spacer-inner{height:var(--container-widget-height,var(--spacer-size))}.e-con-inner>.elementor-widget-spacer.elementor-widget-empty,.e-con>.elementor-widget-spacer.elementor-widget-empty{position:relative;min-height:22px;min-width:22px}.e-con-inner>.elementor-widget-spacer.elementor-widget-empty .elementor-widget-empty-icon,.e-con>.elementor-widget-spacer.elementor-widget-empty .elementor-widget-empty-icon{position:absolute;top:0;bottom:0;left:0;right:0;margin:auto;padding:0;width:22px;height:22px}<\/style>\t\t<div class=\"elementor-spacer\">\n\t\t\t<div class=\"elementor-spacer-inner\"><\/div>\n\t\t<\/div>\n\t\t\t\t<\/div>\n\t\t\t\t<\/div>\n\t\t\t\t<div class=\"elementor-element elementor-element-abab751 animated-fast elementor-invisible elementor-widget elementor-widget-heading\" data-id=\"abab751\" data-element_type=\"widget\" data-settings=\"{&quot;_animation&quot;:&quot;slideInUp&quot;}\" data-widget_type=\"heading.default\">\n\t\t\t\t<div class=\"elementor-widget-container\">\n\t\t\t<h3 class=\"elementor-heading-title elementor-size-default\">Newroz<\/h3>\t\t<\/div>\n\t\t\t\t<\/div>\n\t\t\t\t<div class=\"elementor-element elementor-element-a5298df elementor-widget elementor-widget-text-editor\" data-id=\"a5298df\" data-element_type=\"widget\" data-widget_type=\"text-editor.default\">\n\t\t\t\t<div class=\"elementor-widget-container\">\n\t\t\t<style>\/*! elementor - v3.18.0 - 08-12-2023 *\/\n.elementor-widget-text-editor.elementor-drop-cap-view-stacked .elementor-drop-cap{background-color:#69727d;color:#fff}.elementor-widget-text-editor.elementor-drop-cap-view-framed .elementor-drop-cap{color:#69727d;border:3px solid;background-color:transparent}.elementor-widget-text-editor:not(.elementor-drop-cap-view-default) .elementor-drop-cap{margin-top:8px}.elementor-widget-text-editor:not(.elementor-drop-cap-view-default) .elementor-drop-cap-letter{width:1em;height:1em}.elementor-widget-text-editor .elementor-drop-cap{float:left;text-align:center;line-height:1;font-size:50px}.elementor-widget-text-editor .elementor-drop-cap-letter{display:inline-block}<\/style>\t\t\t\t\t\t\t\t\t\t<\/div>\n\t\t\t\t<\/div>\n\t\t\t\t\t<\/div>\n\t\t<\/div>\n\t\t\t\t\t\t\t<\/div>\n\t\t<\/section>\n\t\t\t\t<section class=\"elementor-section elementor-top-section elementor-element elementor-element-43a375a elementor-section-boxed elementor-section-height-default elementor-section-height-default\" data-id=\"43a375a\" data-element_type=\"section\" data-settings=\"{&quot;background_background&quot;:&quot;classic&quot;}\">\n\t\t\t\t\t\t<div class=\"elementor-container elementor-column-gap-default\">\n\t\t\t\t\t<div class=\"elementor-column elementor-col-100 elementor-top-column elementor-element elementor-element-ea0ff33\" data-id=\"ea0ff33\" data-element_type=\"column\">\n\t\t\t<div class=\"elementor-widget-wrap elementor-element-populated\">\n\t\t\t\t\t\t\t\t<section class=\"elementor-section elementor-inner-section elementor-element elementor-element-3ae77d2 elementor-section-boxed elementor-section-height-default elementor-section-height-default\" data-id=\"3ae77d2\" data-element_type=\"section\">\n\t\t\t\t\t\t<div class=\"elementor-container elementor-column-gap-default\">\n\t\t\t\t\t<div class=\"elementor-column elementor-col-50 elementor-inner-column elementor-element elementor-element-ee81927\" data-id=\"ee81927\" data-element_type=\"column\">\n\t\t\t<div class=\"elementor-widget-wrap elementor-element-populated\">\n\t\t\t\t\t\t\t\t<div class=\"elementor-element elementor-element-ada0b8f elementor-widget elementor-widget-text-editor\" data-id=\"ada0b8f\" data-element_type=\"widget\" data-widget_type=\"text-editor.default\">\n\t\t\t\t<div class=\"elementor-widget-container\">\n\t\t\t\t\t\t\t<p>Am 21. M\u00e4rz feiern Kurden das Newroz Fest (Nouruz) und betrachten es als nationale Veranstaltung. Auch andere Bev\u00f6lkerungsgruppen in Iran, Zentralasien und im Kaukasus feiern dieses Fest. Das Verbrennen von Fackeln bzw. das Anz\u00fcnden des Feuers im Freien ist dabei unerl\u00e4sslich. Das Feuer symbolisiert die Freiheit. Dem Mythos zufolge ist die Fackel ein Symbol des Sieges und der Errettung aus Ungerechtigkeit und Unterdr\u00fcckung, die von einem tyrannischen Herrscher ausge\u00fcbt wurden. Das Newroz Fest hat hinsichtlich des kurdischen Volkes auch eine historische Dimension: die Errichtung des Median Empire (Meder) wird auf Newroz zur\u00fcckgef\u00fchrt. Newroz ist eines der \u00e4ltesten Feste. An diesem Tag beginnt zur gleichen Zeit das neue Jahr f\u00fcr das kurdische Volk (2019 n. Chr., entsprechend 2719 K.). Die Feierlichkeiten des Newroz Festes finden immer in der Natur statt. Folklore und kurdische T\u00e4nze werden wiederbelebt und erinnern an die Fackel des Helden \u201eKawa\u201c. Die mythische Geschichte der Kurden von Newroz besagt, dass es fr\u00fcher einen b\u00f6sen assyrischen K\u00f6nig gab, der \u201eDahak\u201c genannt wurde. Dieser K\u00f6nig und sein K\u00f6nigreich wurden wegen ihrer Bosheit verflucht und deswegen schien die Sonne nicht. Es war unm\u00f6glich Pflanzen anzubauen, um Lebensmittel herzustellen. Der K\u00f6nig \u201eDahak\u201c erlie\u00df einen weiteren Fluch: Er hatte zwei Schlangen an seinen Schultern und wenn die Schlangen hungrig waren, versp\u00fcrte der K\u00f6nig gro\u00dfe Schmerzen. Das einzige, was den Hunger stillte, waren Gehirne kleiner Kinder. So wurden jeden Tag zwei der Kinder des Volkes get\u00f6tet und ihre Gehirne den Schlangen als Nahrung geboten. \u201eKawa\u201c war Schmied, und hatte 16 seiner 17 Kinder f\u00fcr den K\u00f6nig geopfert. Als er dar\u00fcber informiert wurde, dass er sein letztes Kind, eine Tochter, opfern sollte, schmiedete er einen Plan, um sie zu retten. Anstatt seine Tochter zu opfern, opferte Kawa ein Lamm. Er gab dem K\u00f6nig das Gehirn des Lammes und schaffte es, seine Tochter auf diese Weise zu retten. Als die anderen von Kawa\u2019s Trick erfuhren, taten sie dasselbe und schickten nachts ihre Kinder in die Berge, um dort bei Kawa in Sicherzeit zu leben. Die Kinder bl\u00fchten in den Bergen auf und Kawa gr\u00fcndete eine Kinderarmee, um die Herrschaft des b\u00f6sen K\u00f6nigs zu beenden. Als sie gro\u00df genug war, stiegen sie von den Bergen herab und st\u00fcrmten das Schloss. Kawa t\u00f6tete daraufhin den K\u00f6nig. Um den Menschen diese Neuigkeit mitzuteilen, z\u00fcndete Kawa eine gro\u00dfe Fackel an, die den Himmel als Zeichen des Sieges erleuchtete. An diesem Morgen ging die Sonne wieder auf und die Landschaft begann zu bl\u00fchen. Das war der Beginn eines \u201eNeuen Tages\u201c\/Newroz.\u00a0<span style=\"font-family: 'Open Sans', sans-serif; font-size: 14px; font-style: normal; font-variant-ligatures: normal; font-variant-caps: normal; font-weight: 400;\">Historisch betrachtet war Mesopotamien im letzten Jahrtausend v. Chr. unter der assyrischen Herrschaft. In dieser Zeit erreichte das Reich seine gr\u00f6\u00dfte Ausdehnung und beherrschte verschiedene V\u00f6lker. Der Herrschaftsstil der Assyrer war brutal gegen\u00fcber benachbarten St\u00e4mmen und beherrschten V\u00f6lkern. Der assyrische K\u00f6nig war ihnen zum Alptraum geworden. Die Assyrer starteten saisonale Raub- und Beutez\u00fcge gegen die Meder.\u00a0<\/span><\/p>\t\t\t\t\t\t<\/div>\n\t\t\t\t<\/div>\n\t\t\t\t\t<\/div>\n\t\t<\/div>\n\t\t\t\t<div class=\"elementor-column elementor-col-50 elementor-inner-column elementor-element elementor-element-191e18b\" data-id=\"191e18b\" data-element_type=\"column\">\n\t\t\t<div class=\"elementor-widget-wrap elementor-element-populated\">\n\t\t\t\t\t\t\t\t<div class=\"elementor-element elementor-element-f974d09 elementor-widget elementor-widget-text-editor\" data-id=\"f974d09\" data-element_type=\"widget\" data-widget_type=\"text-editor.default\">\n\t\t\t\t<div class=\"elementor-widget-container\">\n\t\t\t\t\t\t\t<p style=\"text-align: left;\">Sie pl\u00fcnderten und verbrannten alles. Im Jahr 612 v. Chr. gelang es den Medern, die Assyrer von den St\u00e4mmen S\u00fcdrusslands zu isolieren und verb\u00fcndeten sich mit den Chald\u00e4ern, um die Assyrer zu schlagen und Ninive (Hauptstadt von assyrischen Herrschaft) zu vernichten. Im Fr\u00fchjahr desselben Jahres leiteten die Meder die Flut des Tigris an die Mauern der Stadt. Die Armeen der Meder (Ariana) drangen in die Stadt und beendeten die Herrschaft der Assyrer. So verk\u00fcndeten die Meder am 21. M\u00e4rz 612 v. Chr. den Fall von Ninive und feierten den gro\u00dfartigen Sieg. Daraufhin gr\u00fcndeten sie das \u201eMedian Empire\u201c. Die Namen in der legend\u00e4ren Geschichte von Newroz stammen sowohl aus der medischen als auch aus der avestischen Sprache (den Wurzeln der aktuellen kurdischen Sprache). Der Begriff \u201eNewroz\u201c wird in der kurdischen Sprache verwendet. Er ist zweisilbig, wobei die Silbe \u201eNU\u201c f\u00fcr \u201eneu\u201c und \u201eROJ\u201c f\u00fcr \u201eheute\u201c steht. Auch das Feuer hat in der Geschichte der V\u00f6lker in Kurdistan und Iran im Allgemeinen einen wichtigen Platz und symbolisiert das Licht: es wird benutzt, um sich Gott zu n\u00e4hern. Der Prophet Zarathustra, als er den Gott des Guten und des B\u00f6sen in der Pers\u00f6nlichkeit des einen Gottes vereinte, dr\u00fcckte diese Vereinigung durch das Anz\u00fcnden von Feuer aus. Die Meder sind die ersten, die Feuerpfeile in ihren Kriegen gegen Feinde einsetzen. Das Feuer symbolisiert in der kurdischen Sprache Aktivit\u00e4t, Trauer, Ehrfurcht und hat einen besonderen Platz in der kurdischen Kultur. Am 20. M\u00e4rz nach Sonnenuntergang ist es \u00fcblich, dass junge Frauen und M\u00e4nner in D\u00f6rfern und auf dem Land den Berg erklimmen, um in der H\u00f6he Feuer anzuz\u00fcnden, damit es f\u00fcr die Menschen sichtbar wird. Den Menschen im flachen Land wird damit das Verk\u00fcnden des Newroz Fest symbolisiert. Wer f\u00fcr mehr Aufmerksamkeit sorgen will, schreibt mit dem Feuer beliebte kurdische Worte wie: Freiheit, Kurdistan und Newroz. In den St\u00e4dten werden Fackeln oder Kerzen an sichtbaren Stellen oder auf der Stra\u00dfe angez\u00fcndet. Am n\u00e4chsten Morgen, den 21. M\u00e4rz gehen die Menschen zu den Treffpunkten an den Fl\u00fcssen und den H\u00e4ngen der H\u00fcgel, um zu feiern und essen (leckeres Essen). Dort versammeln sich tausende von Menschen. Lustige Auff\u00fchrungen von Tanz- und Folkloreliedern werden bis zum Sonnenuntergang geboten. Anschlie\u00dfend verabschieden sich die Menschen, indem sie sich die H\u00e4nde sch\u00fctteln und Gl\u00fcckw\u00fcnsche austauschen. So vergeht ein sch\u00f6ner Feiertag voller Liebe und Hoffnung auf einen neuen Newroz. Newroz ist fest in der Kultur der Kurden als historisches Epos verankert und Symbol f\u00fcr ihren Widerstand gegen Ungerechtigkeit und Unterdr\u00fcckung. Newroz ist ein Treffen, das Menschen zusammenf\u00fchrt, um ihnen den Sieg der Gerechtigkeit vor Augen zu f\u00fchren. Eine neue \u00c4ra und Freiheit beginnt mit dem Fr\u00fchling. Newroz hat sich \u00fcber Jahrhunderte in der Kultur des kurdischen Volkes etabliert und wurde zu einem j\u00e4hrlichen Karneval, das sowohl die kurdische Liebe zur Natur beinhaltet als auch ihre Sehnsucht nach Freiheit. Dar\u00fcber hinaus die Gelegenheit, Menschen zu begegnen. \u00a0<\/p>\t\t\t\t\t\t<\/div>\n\t\t\t\t<\/div>\n\t\t\t\t\t<\/div>\n\t\t<\/div>\n\t\t\t\t\t\t\t<\/div>\n\t\t<\/section>\n\t\t\t\t\t<\/div>\n\t\t<\/div>\n\t\t\t\t\t\t\t<\/div>\n\t\t<\/section>\n\t\t\t\t\t\t\t<\/div>\n\t\t","protected":false},"excerpt":{"rendered":"<p>Kultur Newroz Am 21. M\u00e4rz feiern Kurden das Newroz Fest (Nouruz) und betrachten es als nationale Veranstaltung. Auch andere Bev\u00f6lkerungsgruppen in Iran, Zentralasien und im Kaukasus feiern dieses Fest. Das Verbrennen von Fackeln bzw. das Anz\u00fcnden des Feuers im Freien ist dabei unerl\u00e4sslich. Das Feuer symbolisiert die Freiheit. Dem Mythos zufolge ist die Fackel ein [&hellip;]<\/p>\n","protected":false},"author":1,"featured_media":0,"parent":0,"menu_order":0,"comment_status":"closed","ping_status":"closed","template":"","meta":{"_monsterinsights_skip_tracking":false,"_monsterinsights_sitenote_active":false,"_monsterinsights_sitenote_note":"","_monsterinsights_sitenote_category":0,"_uf_show_specific_survey":0,"_uf_disable_surveys":false,"footnotes":""},"aioseo_notices":[],"_links":{"self":[{"href":"https:\/\/roj-union.com\/index.php\/wp-json\/wp\/v2\/pages\/497"}],"collection":[{"href":"https:\/\/roj-union.com\/index.php\/wp-json\/wp\/v2\/pages"}],"about":[{"href":"https:\/\/roj-union.com\/index.php\/wp-json\/wp\/v2\/types\/page"}],"author":[{"embeddable":true,"href":"https:\/\/roj-union.com\/index.php\/wp-json\/wp\/v2\/users\/1"}],"replies":[{"embeddable":true,"href":"https:\/\/roj-union.com\/index.php\/wp-json\/wp\/v2\/comments?post=497"}],"version-history":[{"count":9,"href":"https:\/\/roj-union.com\/index.php\/wp-json\/wp\/v2\/pages\/497\/revisions"}],"predecessor-version":[{"id":596,"href":"https:\/\/roj-union.com\/index.php\/wp-json\/wp\/v2\/pages\/497\/revisions\/596"}],"wp:attachment":[{"href":"https:\/\/roj-union.com\/index.php\/wp-json\/wp\/v2\/media?parent=497"}],"curies":[{"name":"wp","href":"https:\/\/api.w.org\/{rel}","templated":true}]}}