{"id":488,"date":"2023-05-07T19:20:14","date_gmt":"2023-05-07T19:20:14","guid":{"rendered":"https:\/\/roj-union.com\/?page_id=488"},"modified":"2023-05-07T21:08:16","modified_gmt":"2023-05-07T21:08:16","slug":"studium","status":"publish","type":"page","link":"https:\/\/roj-union.com\/index.php\/studium\/","title":{"rendered":"Hochschularten\u200b"},"content":{"rendered":"\t\t<div data-elementor-type=\"wp-page\" data-elementor-id=\"488\" class=\"elementor elementor-488\">\n\t\t\t\t\t\t\t\t\t<section class=\"elementor-section elementor-top-section elementor-element elementor-element-fc348b5 elementor-section-height-min-height elementor-section-boxed elementor-section-height-default elementor-section-items-middle\" data-id=\"fc348b5\" data-element_type=\"section\">\n\t\t\t\t\t\t\t<div class=\"elementor-background-overlay\"><\/div>\n\t\t\t\t\t\t\t<div class=\"elementor-container elementor-column-gap-default\">\n\t\t\t\t\t<div class=\"elementor-column elementor-col-100 elementor-top-column elementor-element elementor-element-3e03f12\" data-id=\"3e03f12\" data-element_type=\"column\" data-settings=\"{&quot;background_background&quot;:&quot;classic&quot;}\">\n\t\t\t<div class=\"elementor-widget-wrap elementor-element-populated\">\n\t\t\t\t\t\t\t\t<div class=\"elementor-element elementor-element-8f33369 elementor-invisible elementor-widget elementor-widget-heading\" data-id=\"8f33369\" data-element_type=\"widget\" data-settings=\"{&quot;_animation&quot;:&quot;fadeIn&quot;}\" data-widget_type=\"heading.default\">\n\t\t\t\t<div class=\"elementor-widget-container\">\n\t\t\t<style>\/*! elementor - v3.18.0 - 08-12-2023 *\/\n.elementor-heading-title{padding:0;margin:0;line-height:1}.elementor-widget-heading .elementor-heading-title[class*=elementor-size-]>a{color:inherit;font-size:inherit;line-height:inherit}.elementor-widget-heading .elementor-heading-title.elementor-size-small{font-size:15px}.elementor-widget-heading .elementor-heading-title.elementor-size-medium{font-size:19px}.elementor-widget-heading .elementor-heading-title.elementor-size-large{font-size:29px}.elementor-widget-heading .elementor-heading-title.elementor-size-xl{font-size:39px}.elementor-widget-heading .elementor-heading-title.elementor-size-xxl{font-size:59px}<\/style><h1 class=\"elementor-heading-title elementor-size-default\">Studium<\/h1>\t\t<\/div>\n\t\t\t\t<\/div>\n\t\t\t\t\t<\/div>\n\t\t<\/div>\n\t\t\t\t\t\t\t<\/div>\n\t\t<\/section>\n\t\t\t\t<section class=\"elementor-section elementor-top-section elementor-element elementor-element-f965764 elementor-section-stretched elementor-section-boxed elementor-section-height-default elementor-section-height-default\" data-id=\"f965764\" data-element_type=\"section\" data-settings=\"{&quot;stretch_section&quot;:&quot;section-stretched&quot;,&quot;background_background&quot;:&quot;classic&quot;}\">\n\t\t\t\t\t\t<div class=\"elementor-container elementor-column-gap-default\">\n\t\t\t\t\t<div class=\"elementor-column elementor-col-100 elementor-top-column elementor-element elementor-element-6b8b9f8\" data-id=\"6b8b9f8\" data-element_type=\"column\">\n\t\t\t<div class=\"elementor-widget-wrap elementor-element-populated\">\n\t\t\t\t\t\t\t\t<div class=\"elementor-element elementor-element-a86ca87 elementor-widget elementor-widget-spacer\" data-id=\"a86ca87\" data-element_type=\"widget\" data-widget_type=\"spacer.default\">\n\t\t\t\t<div class=\"elementor-widget-container\">\n\t\t\t<style>\/*! elementor - v3.18.0 - 08-12-2023 *\/\n.elementor-column .elementor-spacer-inner{height:var(--spacer-size)}.e-con{--container-widget-width:100%}.e-con-inner>.elementor-widget-spacer,.e-con>.elementor-widget-spacer{width:var(--container-widget-width,var(--spacer-size));--align-self:var(--container-widget-align-self,initial);--flex-shrink:0}.e-con-inner>.elementor-widget-spacer>.elementor-widget-container,.e-con>.elementor-widget-spacer>.elementor-widget-container{height:100%;width:100%}.e-con-inner>.elementor-widget-spacer>.elementor-widget-container>.elementor-spacer,.e-con>.elementor-widget-spacer>.elementor-widget-container>.elementor-spacer{height:100%}.e-con-inner>.elementor-widget-spacer>.elementor-widget-container>.elementor-spacer>.elementor-spacer-inner,.e-con>.elementor-widget-spacer>.elementor-widget-container>.elementor-spacer>.elementor-spacer-inner{height:var(--container-widget-height,var(--spacer-size))}.e-con-inner>.elementor-widget-spacer.elementor-widget-empty,.e-con>.elementor-widget-spacer.elementor-widget-empty{position:relative;min-height:22px;min-width:22px}.e-con-inner>.elementor-widget-spacer.elementor-widget-empty .elementor-widget-empty-icon,.e-con>.elementor-widget-spacer.elementor-widget-empty .elementor-widget-empty-icon{position:absolute;top:0;bottom:0;left:0;right:0;margin:auto;padding:0;width:22px;height:22px}<\/style>\t\t<div class=\"elementor-spacer\">\n\t\t\t<div class=\"elementor-spacer-inner\"><\/div>\n\t\t<\/div>\n\t\t\t\t<\/div>\n\t\t\t\t<\/div>\n\t\t\t\t<div class=\"elementor-element elementor-element-56262d2 animated-fast elementor-invisible elementor-widget elementor-widget-heading\" data-id=\"56262d2\" data-element_type=\"widget\" data-settings=\"{&quot;_animation&quot;:&quot;slideInUp&quot;}\" data-widget_type=\"heading.default\">\n\t\t\t\t<div class=\"elementor-widget-container\">\n\t\t\t<h3 class=\"elementor-heading-title elementor-size-default\">Hochschularten<\/h3>\t\t<\/div>\n\t\t\t\t<\/div>\n\t\t\t\t<div class=\"elementor-element elementor-element-3b82578 elementor-widget elementor-widget-text-editor\" data-id=\"3b82578\" data-element_type=\"widget\" data-widget_type=\"text-editor.default\">\n\t\t\t\t<div class=\"elementor-widget-container\">\n\t\t\t<style>\/*! elementor - v3.18.0 - 08-12-2023 *\/\n.elementor-widget-text-editor.elementor-drop-cap-view-stacked .elementor-drop-cap{background-color:#69727d;color:#fff}.elementor-widget-text-editor.elementor-drop-cap-view-framed .elementor-drop-cap{color:#69727d;border:3px solid;background-color:transparent}.elementor-widget-text-editor:not(.elementor-drop-cap-view-default) .elementor-drop-cap{margin-top:8px}.elementor-widget-text-editor:not(.elementor-drop-cap-view-default) .elementor-drop-cap-letter{width:1em;height:1em}.elementor-widget-text-editor .elementor-drop-cap{float:left;text-align:center;line-height:1;font-size:50px}.elementor-widget-text-editor .elementor-drop-cap-letter{display:inline-block}<\/style>\t\t\t\t\t\t\t\t\t\t<\/div>\n\t\t\t\t<\/div>\n\t\t\t\t\t<\/div>\n\t\t<\/div>\n\t\t\t\t\t\t\t<\/div>\n\t\t<\/section>\n\t\t\t\t<section class=\"elementor-section elementor-top-section elementor-element elementor-element-95500ad elementor-section-boxed elementor-section-height-default elementor-section-height-default\" data-id=\"95500ad\" data-element_type=\"section\" data-settings=\"{&quot;background_background&quot;:&quot;classic&quot;}\">\n\t\t\t\t\t\t<div class=\"elementor-container elementor-column-gap-default\">\n\t\t\t\t\t<div class=\"elementor-column elementor-col-100 elementor-top-column elementor-element elementor-element-1d61f89\" data-id=\"1d61f89\" data-element_type=\"column\">\n\t\t\t<div class=\"elementor-widget-wrap elementor-element-populated\">\n\t\t\t\t\t\t\t\t<section class=\"elementor-section elementor-inner-section elementor-element elementor-element-569765b elementor-section-boxed elementor-section-height-default elementor-section-height-default\" data-id=\"569765b\" data-element_type=\"section\">\n\t\t\t\t\t\t<div class=\"elementor-container elementor-column-gap-default\">\n\t\t\t\t\t<div class=\"elementor-column elementor-col-50 elementor-inner-column elementor-element elementor-element-315de0f\" data-id=\"315de0f\" data-element_type=\"column\">\n\t\t\t<div class=\"elementor-widget-wrap elementor-element-populated\">\n\t\t\t\t\t\t\t\t<div class=\"elementor-element elementor-element-f3f0292 elementor-widget elementor-widget-text-editor\" data-id=\"f3f0292\" data-element_type=\"widget\" data-widget_type=\"text-editor.default\">\n\t\t\t\t<div class=\"elementor-widget-container\">\n\t\t\t\t\t\t\t<p>Aufgrund seiner wirtschaftlichen, industriellen und wissenschaftlichen Entwicklung genie\u00dft Deutschland einen guten internationalen Ruf als Bildungs- und Studienstandort. Somit liegt Deutschland mit \u00fcber 240.000 ausl\u00e4ndischen Studierenden auf Platz 3 hinter den USA und Gro\u00dfbritannien, wenn es um die Zahl der ausl\u00e4ndischen Studierenden geht. Es gibt viele Aspekte, die ausl\u00e4ndische Studierende an die Universtit\u00e4ten und Hochschulen Deutschlands zieht. U.a. wegen des beinahe geb\u00fchrenfreien Studiums. Denn f\u00fcr einen Studienplatz brauchen die Studierenden lediglich den Semesterbeitrag zu zahlen, welcher sich aus Beitr\u00e4gen f\u00fcr die Verwaltung, das Studentenwerk sowie einigen weiteren Einrichtungen zusammensetzt.Das Recht auf Bildung ist eines der Grundrechte, welches durch den Staat gew\u00e4hrt wird. Die Deutsche Regierung unterst\u00fctzt das Hochschulsystem, damit keine zus\u00e4tzlichen Studiengeb\u00fchren anfallen, um somit die Hochschulbildung m\u00f6glichst auch unabh\u00e4ngig vom Einkommen zug\u00e4nglich zu machen. Die Infrastruktur der Hochschulen in Deutschland ist gut ausgebaut und bietet ein gutes Netzwerk an Bibliotheken, Studienwerken und weiteren Einrichtungen. Innerhalb der Hochschulen gibt es au\u00dferdem auch die M\u00f6glichkeiten einer direkten Beteiligung: die sogenannten \u201eAsten\u201c (allgemeine Studierendenaussch\u00fcsse). Diese sind selbstverwaltet und gemanaged von Studierenden und beraten kostenlos z.B. zu hochschulpolitischen Entscheidungen, zu rechtlichen Fragen und finanziellen Problemen, aber auch Wohnungssuche und Freizeitangeboten. Sie sind ein guter Anlaufpunkt, um sich \u00fcber das private Studieren\u00a0<span style=\"font-size: 14px;\">hinaus zu engagieren. Studierende k\u00f6nnen generell von einem breiten Angebot an kulturellen Aktivit\u00e4ten profitieren, zudem bekommt man als Student*in in Deutschland viele Rabatte und Verg\u00fcnstigungen wie beispielsweise bei: Theater- und Kinoeintritte, Sportangebote, Online-Tarife und besonders wichtig: ein Ticket f\u00fcr den \u00f6ffentlichen Nahverkehr. Zu erw\u00e4hnen ist auch die Vielfalt der Studieng\u00e4nge, die an deutschen Universit\u00e4ten und Fachhochschulen vertreten sind.Es gibt rund 427 Universit\u00e4ten und Hochschulen, die st\u00e4ndig weiterentwickelt und ausgebaut werden. Dies ist einer der Gr\u00fcnde, weshalb Studierende aus dem Ausland nach Deutschland ziehen. Als EU-Mitgliedsstaat wurden auch in Deutschland im Rahmen der sogenannten \u201eBologna-Prozesse\u201c die Studieng\u00e4nge und -abschl\u00fcsse europaweit vereinheitlicht. So wurde anstatt des Diploms ein neues Bachelor-Master-System eingef\u00fchrt. Trotzdem gibt es in Deutschland einige Hochschulen, die ,,\u00e4ltere\u201c Abschl\u00fcsse anbieten wie z.B. den Magister Artium M.A. Das Bildungssystem in Deutschland ist also sehr vielf\u00e4ltig, denn es gibt hunderte von verschiedenen Universit\u00e4ten, Fachhochschulen, Kunst- und Musikhochschulen usw. Der allgemeine Begriff f\u00fcr die verschiedenen Hochschularten lautet \u201eHochschule\u201c. F\u00fcr die Finanzierung der Hochschulen in Deutschland tragen der Staat, die Kirchen und am gr\u00f6\u00dften der Privatsektor bei.<\/span><\/p>\t\t\t\t\t\t<\/div>\n\t\t\t\t<\/div>\n\t\t\t\t\t<\/div>\n\t\t<\/div>\n\t\t\t\t<div class=\"elementor-column elementor-col-50 elementor-inner-column elementor-element elementor-element-30e2c7e\" data-id=\"30e2c7e\" data-element_type=\"column\">\n\t\t\t<div class=\"elementor-widget-wrap elementor-element-populated\">\n\t\t\t\t\t\t\t\t<div class=\"elementor-element elementor-element-4674350 elementor-widget elementor-widget-text-editor\" data-id=\"4674350\" data-element_type=\"widget\" data-widget_type=\"text-editor.default\">\n\t\t\t\t<div class=\"elementor-widget-container\">\n\t\t\t\t\t\t\t<p style=\"text-align: left;\">Geographisch betrachtet liegt die Provinz von Afrin auf einem H\u00fcgel 700 bis 1269 Meter \u00fcber dem Meeresspiegel. Das dortige Relief zeichnet sich durch seine besonderen H\u00f6hen und Tiefen aus. Die Gebirge von Hawar und Lelun neben dem Gebirge von Schak\u00b4ka z\u00e4hlen zu den charakteristischen Merkmalen der Region. Die dort herrschenden klimatischen Bedingungen beg\u00fcnstigen die Landwirtschaft, denn die Provinz ist reich an vielen Gew\u00e4ssern und Fl\u00fcssen, wovon die nat\u00fcrliche Flora, die als die gr\u00f6\u00dfte Aleppos gilt, sowie die malerischen W\u00e4lder stark profitieren. Der bekannteste Fluss in der Region ist der Afrin Fluss . Der Fluss hat von seiner aus Quelle eine Gesamtl\u00e4nge von 149km, wovon etwa 75km L\u00e4nge durch Afrin verl\u00e4uft. Somit flie\u00dft circa 50% des Flusses durch Afrin. Die Landwirtschaft spielt eine zentrale Rolle in Afrin und ist eine charakteristische Eigenschaft der Stadt. Vor allem der Anbau von Olivenb\u00e4umen ist charakteristisch f\u00fcr die gesamten Region. Sch\u00e4tzungen zufolge gibt es mehr als 15 Millionen Olivenb\u00e4ume in der Region Afrin . Der gro\u00dfe Anbau von Olivenb\u00e4umen bringt viele Industrien mit sich, wie zum Beispiel die Produktion von Oliven\u00f6l und Oliven\u00f6lseifen. Diese Produkte sind zum Hauptmerkmal der Stadt geworden. Die Stadt Afrin hat im Laufe ihrer Geschichte viele Reiche und Monarchien erlebt, allerdings hat sie ihre eigenen kulturelle und gesellschaftliche Pr\u00e4gung erhalten. Im 19. Jahrhundert wurde die osmanische Macht auf Syrien zentriert und auf Kosten der eigenen Autonomie etabliert, was zu Aufl\u00f6sung der \u00f6rtlichen F\u00fchrerschaften und einer Entstehung einer neuen, aristokratischen Klasse f\u00fchrte. Dadurch verlor die alte traditionelle F\u00fchrerschaft ihren Einfluss und ein Freiraum f\u00fcr neue Sippen entstand. Somit verschwanden die alten gesellschaftlichen<span style=\"font-size: 14px;\">\u00a0Strukturen. Eine Wandlung von einer famili\u00e4ren Gesellschaftsform zu einer eher aristokratischen Struktur der Gesellschaft fand statt. Dieser Zustand blieb bis in die 1960er Jarhren bestehen, bis das Feudalsystem in der Provinz an Macht verlor und infolgedessen beendet war. Die Stadt Afrin blieb trotz des B\u00fcrgerkriegs anfangs 2011 eine sch\u00f6ne, ruhige Stadt fern vom Elend und den Schrecken des Krieges. Die alten historischen Denkmale\u00a0<\/span><span style=\"font-size: 14px;\">wurden jedoch nicht vom Krieg verschont und wurden teilweise zerst\u00f6rt. Ebenso wurde aufgrund der t\u00fcrkischen Invasion in Afrin und die benachbarten D\u00f6rfer im Januar 2018 mit Hilfe von syrischen Oppositionstruppen die Gesellschaftsform massiv deformiert und die Gesellschaftsstruktur stark demographisch ver\u00e4ndert. Der Milit\u00e4roffensive hatte fatale Folgen f\u00fcr die Stadt und ihre Einwohner.<\/span><\/p><p style=\"text-align: left;\"><span style=\"font-size: 14px;\">\u00a0<\/span><\/p><p style=\"text-align: left;\"><span style=\"font-size: 14px;\">\u00a0<\/span><\/p><p style=\"text-align: left;\"><span style=\"font-size: 14px;\">\u00a0<\/span><\/p>\t\t\t\t\t\t<\/div>\n\t\t\t\t<\/div>\n\t\t\t\t\t<\/div>\n\t\t<\/div>\n\t\t\t\t\t\t\t<\/div>\n\t\t<\/section>\n\t\t\t\t<section class=\"elementor-section elementor-inner-section elementor-element elementor-element-3f59e39 elementor-section-boxed elementor-section-height-default elementor-section-height-default\" data-id=\"3f59e39\" data-element_type=\"section\">\n\t\t\t\t\t\t<div class=\"elementor-container elementor-column-gap-default\">\n\t\t\t\t\t<div class=\"elementor-column elementor-col-50 elementor-inner-column elementor-element elementor-element-c506cd0\" data-id=\"c506cd0\" data-element_type=\"column\">\n\t\t\t<div class=\"elementor-widget-wrap elementor-element-populated\">\n\t\t\t\t\t\t\t\t<div class=\"elementor-element elementor-element-3b31c58 elementor-widget elementor-widget-text-editor\" data-id=\"3b31c58\" data-element_type=\"widget\" data-widget_type=\"text-editor.default\">\n\t\t\t\t<div class=\"elementor-widget-container\">\n\t\t\t\t\t\t\t<p>Im Folgenden geben wir einen kurzen \u00dcberblick \u00fcber die<br \/>verschieden Hochschularten, welche in Deutschland vertreten sind.\u00a0<\/p><p><br \/><strong>Universit\u00e4t\/ Technische Universit\u00e4t:<\/strong> Die Universit\u00e4t ist die klassische Hochschulart. An einer Universit\u00e4t\/Technischen Universit\u00e4t kann man den Bachelor, den Master und abschlie\u00dfend die Promotion absolvieren. Universit\u00e4ten bieten ein sehr breites Angebot an Studieng\u00e4ngen.Sie umfassen meistens die Sprach- und Kulturwissenschaften, die Rechts-, Wirtschafts- und Sozialwissenschaften, die Naturwissenschaften, die Medizin, sowie die Ingenieurwissenschaften. Das Studium an einer Universit\u00e4t ist durch gro\u00dfe Flexibilit\u00e4t und Selbst\u00e4ndigkeit gekennzeichnet. So k\u00f6nnen Studierende an der Universit\u00e4t die Wahl der F\u00e4cher und deren Verteilung ganz individuell an ihre F\u00e4higkeiten anpassen. Da das Studium an der Universit\u00e4t sehr stark durch die theoretische Ausbildung gepr\u00e4gt ist, m\u00fcssen die Studierenden relativ viele Praktika im Laufe des Studiums absolvieren, um die praktische Anwendung ihres Wissens z.B. in Unternehmen au\u00dferhalb der Universit\u00e4t zu f\u00f6rdern.<\/p><p><strong>Fachhochschule \u2013 Hochschule f\u00fcr angewandte Wissenschaften<\/strong>: Im Unterschied zu den Universit\u00e4ten, an denen das theoretische Wissen im Mittelpunkt steht, ist ein Studium an einer Fachhochschule anwendungsorientierter. Studierende k\u00f6nnen dort nach dem Bachelor ebenfalls ein Masterstudium absolvieren, f\u00fcr eine Promotion muss man jedoch an eine Universit\u00e4t wechseln. Dabei geht es im Studium an der Fachhochschule mehr um Projekte und Hausarbeiten, bei denen das gelernte theoretische Wissen direkte Anwendung findet.<\/p><p><strong>Musik- und Kunsthochschule:<\/strong> Die dritte Hochschulart ist die Musik- und Kunsthochschule, bei diesen Hochschulen herrscht im Vergleich zu den anderen Hochschularten ein strengeres Auswahlverfahren, in dem die Bewerber*innen dieser Hochschulen ein sogenanntes \u201ePortfolio\u201c abgeben und Eignungspr\u00fcfungen absolvieren, um einen Studienplatz zu erhalten.<\/p>\t\t\t\t\t\t<\/div>\n\t\t\t\t<\/div>\n\t\t\t\t\t<\/div>\n\t\t<\/div>\n\t\t\t\t<div class=\"elementor-column elementor-col-50 elementor-inner-column elementor-element elementor-element-ba068c8\" data-id=\"ba068c8\" data-element_type=\"column\">\n\t\t\t<div class=\"elementor-widget-wrap elementor-element-populated\">\n\t\t\t\t\t\t\t\t<div class=\"elementor-element elementor-element-ed3cdad elementor-widget elementor-widget-text-editor\" data-id=\"ed3cdad\" data-element_type=\"widget\" data-widget_type=\"text-editor.default\">\n\t\t\t\t<div class=\"elementor-widget-container\">\n\t\t\t\t\t\t\t<p style=\"text-align: left;\"><strong>Berufsakademien:<\/strong> Die Berufsakademien sind f\u00fcr das duale Studium ausgelegt.Das duale Studium stellt eine Verkn\u00fcpfung zwischen theoretischem Wissen und praktischer Arbeit in einem Unternehmen dar. Studierende m\u00fcssen also beispielsweise ein Semester an der Universit\u00e4t lernen und das n\u00e4chste Semester im Unternehmen verbringen, was jedoch, je nach Studium, stark variieren kann.Im dualen Studium wird man w\u00e4hrend seiner Studienzeit bezahlt und erh\u00e4lt bei erfolgreichem Abschluss eine anerkannte Berufsausbildung.<\/p><p><strong>Theologische Hochschule:<\/strong> An theologischen Hochschulen kann man ausschlie\u00dflich Theologie studieren.<\/p><p><strong>Fachhochschule f\u00fcr \u00f6ffentliche Verwaltung:<\/strong> Die Fachhochschulen f\u00fcr \u00f6ffentliche Verwaltung werden von L\u00e4ndern und Bund organisiert.Das Ziel dieser Hochschule ist die Ausbildung von Fachkr\u00e4ften f\u00fcr die Verwaltung, Finanzen, Polizei und weitere T\u00e4tigkeiten im \u00f6ffentlichen Dienst.Die Ausbildung unterteilt sich in zwei Bereiche: die theoretische und die praktische Ausbildung. Die theoretische Fachwissensvermittlung erfolgt an einer Fachhochschule und die praktische Ausbildung erfolgt bei der entsprechenden Beh\u00f6rde. Zun\u00e4chst einmal m\u00fcssen sich die Bewerber*innen bei der gew\u00fcnschten Beh\u00f6rde bewerben (z.B bei der Polizei), erst dann wird die Aufnahme an der Fachhochschule durch einen Ausschuss der Beh\u00f6rde entschieden.<\/p><p><strong>Private Universit\u00e4ten:<\/strong> Es gibt in Deutschland mehr als 80 private Universit\u00e4ten. Private Universit\u00e4ten erheben Geb\u00fchren von den Studierenden, die Kosten f\u00fcr einen Bachelor k\u00f6nnen bis zu 25,000\u20ac betragen. Besonders begabte Menschen k\u00f6nnen ein Stipendium an der privaten Universit\u00e4t bekommen und m\u00fcssen demnach f\u00fcr das Studium Nichts zahlen.<\/p>\t\t\t\t\t\t<\/div>\n\t\t\t\t<\/div>\n\t\t\t\t\t<\/div>\n\t\t<\/div>\n\t\t\t\t\t\t\t<\/div>\n\t\t<\/section>\n\t\t\t\t\t<\/div>\n\t\t<\/div>\n\t\t\t\t\t\t\t<\/div>\n\t\t<\/section>\n\t\t\t\t\t\t\t<\/div>\n\t\t","protected":false},"excerpt":{"rendered":"<p>Studium Hochschularten Aufgrund seiner wirtschaftlichen, industriellen und wissenschaftlichen Entwicklung genie\u00dft Deutschland einen guten internationalen Ruf als Bildungs- und Studienstandort. Somit liegt Deutschland mit \u00fcber 240.000 ausl\u00e4ndischen Studierenden auf Platz 3 hinter den USA und Gro\u00dfbritannien, wenn es um die Zahl der ausl\u00e4ndischen Studierenden geht. Es gibt viele Aspekte, die ausl\u00e4ndische Studierende an die Universtit\u00e4ten und [&hellip;]<\/p>\n","protected":false},"author":1,"featured_media":0,"parent":0,"menu_order":0,"comment_status":"closed","ping_status":"closed","template":"","meta":{"_monsterinsights_skip_tracking":false,"_monsterinsights_sitenote_active":false,"_monsterinsights_sitenote_note":"","_monsterinsights_sitenote_category":0,"_uf_show_specific_survey":0,"_uf_disable_surveys":false,"footnotes":""},"aioseo_notices":[],"_links":{"self":[{"href":"https:\/\/roj-union.com\/index.php\/wp-json\/wp\/v2\/pages\/488"}],"collection":[{"href":"https:\/\/roj-union.com\/index.php\/wp-json\/wp\/v2\/pages"}],"about":[{"href":"https:\/\/roj-union.com\/index.php\/wp-json\/wp\/v2\/types\/page"}],"author":[{"embeddable":true,"href":"https:\/\/roj-union.com\/index.php\/wp-json\/wp\/v2\/users\/1"}],"replies":[{"embeddable":true,"href":"https:\/\/roj-union.com\/index.php\/wp-json\/wp\/v2\/comments?post=488"}],"version-history":[{"count":13,"href":"https:\/\/roj-union.com\/index.php\/wp-json\/wp\/v2\/pages\/488\/revisions"}],"predecessor-version":[{"id":605,"href":"https:\/\/roj-union.com\/index.php\/wp-json\/wp\/v2\/pages\/488\/revisions\/605"}],"wp:attachment":[{"href":"https:\/\/roj-union.com\/index.php\/wp-json\/wp\/v2\/media?parent=488"}],"curies":[{"name":"wp","href":"https:\/\/api.w.org\/{rel}","templated":true}]}}